{"id":11,"date":"2018-10-19T11:32:50","date_gmt":"2018-10-19T11:32:50","guid":{"rendered":"http:\/\/localhost\/MTT\/?page_id=11"},"modified":"2025-05-08T14:04:31","modified_gmt":"2025-05-08T13:04:31","slug":"mallanets-tech-textile-2","status":"publish","type":"page","link":"https:\/\/www.mallanetstechtextile.com\/es\/","title":{"rendered":"Mallanets Tech Textile"},"content":{"rendered":"<div class=\"wpb-content-wrapper\"><p>[vc_row css=\u00bb.vc_custom_1632388521697{margin-top: 0px !important;margin-right: 0px !important;margin-bottom: 0px !important;margin-left: 0px !important;border-top-width: 0px !important;padding-top: 0px !important;padding-right: 0px !important;padding-left: 0px !important;background-position: center !important;background-repeat: no-repeat !important;background-size: cover !important;}\u00bb][vc_column width=\u00bb1\/2&#8243;][vc_row_inner content_placement=\u00bbmiddle\u00bb][vc_column_inner width=\u00bb1\/3&#8243; offset=\u00bbvc_col-xs-4&#8243;][vc_single_image image=\u00bb2119&#8243; img_size=\u00bb110&#8243; alignment=\u00bbcenter\u00bb onclick=\u00bbcustom_link\u00bb img_link_target=\u00bb_blank\u00bb css=\u00bb.vc_custom_1732010805863{margin-bottom: 0px !important;border-bottom-width: 0px !important;padding-bottom: 10px !important;}\u00bb image_hovers=\u00bbfalse\u00bb link=\u00bbhttps:\/\/www.mallanetstechtextile.com\/wp-content\/uploads\/2024\/10\/MALLANETS_SLU_ISO_13485_2024.pdf\u00bb][vc_column_text css=\u00bb.vc_custom_1746709469402{margin-top: 0px !important;margin-right: 0px !important;margin-bottom: 0px !important;margin-left: 0px !important;padding-top: 0px !important;padding-right: 0px !important;padding-bottom: 0px !important;padding-left: 0px !important;}\u00bb]<\/p>\n<p style=\"text-align: center; font-size: 11px; line-height: 13px;\">EMPRESA CERTIFICADA EN<br \/>\nDISPOSITIVOS M\u00c9DICOS<br \/>\n<strong style=\"text-align: center; font-size: 13px;\">ISO 13485:2021<\/strong><\/p>\n<p>[\/vc_column_text][\/vc_column_inner][vc_column_inner width=\u00bb1\/3&#8243; offset=\u00bbvc_col-xs-4&#8243;][vc_single_image image=\u00bb2117&#8243; img_size=\u00bb110&#8243; alignment=\u00bbcenter\u00bb onclick=\u00bbcustom_link\u00bb img_link_target=\u00bb_blank\u00bb css=\u00bb.vc_custom_1732010824121{margin-bottom: 0px !important;border-bottom-width: 0px !important;padding-bottom: 10px !important;}\u00bb image_hovers=\u00bbfalse\u00bb link=\u00bbhttps:\/\/www.mallanetstechtextile.com\/wp-content\/uploads\/2024\/10\/MALLANETS_SLU_ISO_9001_2023.pdf\u00bb][vc_column_text css=\u00bb.vc_custom_1732011142993{margin-top: 0px !important;margin-right: 0px !important;margin-bottom: 0px !important;margin-left: 0px !important;padding-top: 0px !important;padding-right: 0px !important;padding-bottom: 0px !important;padding-left: 0px !important;}\u00bb]<\/p>\n<p style=\"text-align: center; font-size: 11px; line-height: 13px;\">EMPRESA<br \/>\nCERTIFICADA<br \/>\n<strong style=\"text-align: center; font-size: 13px;\">ISO 9001:2015<\/strong><\/p>\n<p>[\/vc_column_text][\/vc_column_inner][vc_column_inner width=\u00bb1\/3&#8243; offset=\u00bbvc_col-xs-4&#8243;][vc_single_image image=\u00bb2062&#8243; img_size=\u00bb110&#8243; alignment=\u00bbcenter\u00bb onclick=\u00bbcustom_link\u00bb img_link_target=\u00bb_blank\u00bb css=\u00bb.vc_custom_1652299485787{margin-bottom: 0px !important;border-bottom-width: 0px !important;padding-bottom: 10px !important;}\u00bb image_hovers=\u00bbfalse\u00bb link=\u00bbhttps:\/\/www.mallanetstechtextile.com\/wp-content\/uploads\/2021\/09\/CE0476.pdf\u00bb][vc_column_text css=\u00bb.vc_custom_1732011162633{margin-top: 0px !important;margin-right: 0px !important;margin-bottom: 0px !important;margin-left: 0px !important;padding-top: 0px !important;padding-right: 0px !important;padding-bottom: 0px !important;padding-left: 0px !important;}\u00bb]<\/p>\n<p style=\"text-align: center; font-size: 11px; line-height: 13px;\">PRODUCTO<br \/>\nCERTIFICADO<br \/>\n<strong style=\"text-align: center; font-size: 13px;\">CE 0476<\/strong><\/p>\n<p>[\/vc_column_text][\/vc_column_inner][\/vc_row_inner][\/vc_column][vc_column width=\u00bb1\/2&#8243; css=\u00bb.vc_custom_1633609941151{margin-top: 0px !important;border-top-width: 0px !important;padding-top: 110px !important;padding-bottom: 110px !important;background-image: url(https:\/\/www.mallanetstechtextile.com\/wp-content\/uploads\/2019\/02\/slide-1-mapa-mundi-reducido-3.png?id=1303) !important;background-position: center !important;background-repeat: no-repeat !important;background-size: cover !important;}\u00bb][vc_column_text]<\/p>\n<h4 style=\"text-align: center; font-size: 22px; color: #5a5a5a;\"><em><strong>Mallanets esta presente en 32 pa\u00edses en 4 continentes<\/strong><\/em><\/h4>\n<p>[\/vc_column_text][\/vc_column][\/vc_row][vc_row][vc_column width=\u00bb1\/2&#8243;][vc_single_image image=\u00bb991&#8243; img_size=\u00bbfull\u00bb alignment=\u00bbcenter\u00bb onclick=\u00bbcustom_link\u00bb link=\u00bbhttps:\/\/www.mallanetstechtextile.com\/es\/disclaimer-esp-2\/\u00bb]<div id=\"ultimate-heading-663769e0646bd5d1e\" class=\"uvc-heading ult-adjust-bottom-margin ultimate-heading-663769e0646bd5d1e uvc-1774  uvc-heading-default-font-sizes\" data-hspacer=\"no_spacer\"  data-halign=\"center\" style=\"text-align:center\"><div class=\"uvc-heading-spacer no_spacer\" style=\"top\"><\/div><div class=\"uvc-main-heading ult-responsive\"  data-ultimate-target='.uvc-heading.ultimate-heading-663769e0646bd5d1e h2'  data-responsive-json-new='{\"font-size\":\"\",\"line-height\":\"\"}' ><h2 style=\"font-family:&#039;Roboto&#039;;--font-weight:theme;\">CUIDADO DE LA SALUD<\/h2><\/div><div class=\"uvc-sub-heading ult-responsive\"  data-ultimate-target='.uvc-heading.ultimate-heading-663769e0646bd5d1e .uvc-sub-heading '  data-responsive-json-new='{\"font-size\":\"\",\"line-height\":\"\"}'  style=\"font-family:&#039;Roboto&#039;;font-weight:300;\"><\/p>\n<div style=\"text-align: justify !important;\"><a style=\"text-decoration: none; color: #000;\" href=\"https:\/\/www.mallanetstechtextile.com\/healthcare\/\">MallaNets fabrica dispositivos m\u00e9dicos para la correcci\u00f3n anat\u00f3mica de las especialidades de Cirug\u00eda General y Digestiva (pared abdominal y prolapso rectal) y Uro-ginecolog\u00eda (incontinencia y prolapso uterino).<\/a><\/div>\n<p><\/div><\/div>[\/vc_column][vc_column width=\u00bb1\/2&#8243;][vc_single_image image=\u00bb972&#8243; img_size=\u00bbfull\u00bb alignment=\u00bbcenter\u00bb onclick=\u00bbcustom_link\u00bb link=\u00bbhttps:\/\/www.mallanetstechtextile.com\/es\/flowmesh-infusion-mesh-composites\/\u00bb]<div id=\"ultimate-heading-504669e0646bd5dcc\" class=\"uvc-heading ult-adjust-bottom-margin ultimate-heading-504669e0646bd5dcc uvc-8211  uvc-heading-default-font-sizes\" data-hspacer=\"no_spacer\"  data-halign=\"center\" style=\"text-align:center\"><div class=\"uvc-heading-spacer no_spacer\" style=\"top\"><\/div><div class=\"uvc-main-heading ult-responsive\"  data-ultimate-target='.uvc-heading.ultimate-heading-504669e0646bd5dcc h2'  data-responsive-json-new='{\"font-size\":\"\",\"line-height\":\"\"}' ><h2 style=\"font-family:&#039;Roboto&#039;;--font-weight:theme;\">COMPOSITES<\/h2><\/div><div class=\"uvc-sub-heading ult-responsive\"  data-ultimate-target='.uvc-heading.ultimate-heading-504669e0646bd5dcc .uvc-sub-heading '  data-responsive-json-new='{\"font-size\":\"\",\"line-height\":\"\"}'  style=\"font-family:&#039;Roboto&#039;;font-weight:300;\"><\/p>\n<div style=\"text-align: justify !important;\"><a style=\"text-decoration: none; color: #000;\" href=\"https:\/\/www.mallanetstechtextile.com\/flowmesh-infusion-mesh-composites\/\">Las mallas de infusi\u00f3n (flow media o malla de distribuci\u00f3n de resina) de Mallanets son mallas tejidas de alta calidad dise\u00f1adas para distribuir resina a trav\u00e9s de una superficie laminada durante el proceso de infusi\u00f3n, VARTM o infusi\u00f3n al vac\u00edo.<\/a><\/div>\n<p><\/div><\/div>[\/vc_column][\/vc_row][vc_row css=\u00bb.vc_custom_1540831977545{padding-top: 50px !important;}\u00bb][vc_column width=\u00bb1\/2&#8243; css=\u00bb.vc_custom_1540832092762{padding-bottom: 35px !important;}\u00bb][vc_single_image image=\u00bb374&#8243; img_size=\u00bbfull\u00bb alignment=\u00bbcenter\u00bb onclick=\u00bbcustom_link\u00bb link=\u00bbhttps:\/\/www.mallanetstechtextile.com\/es\/tecnologia\/\u00bb]<div id=\"ultimate-heading-405569e0646bd5e53\" class=\"uvc-heading ult-adjust-bottom-margin ultimate-heading-405569e0646bd5e53 uvc-4771  uvc-heading-default-font-sizes\" data-hspacer=\"no_spacer\"  data-halign=\"center\" style=\"text-align:center\"><div class=\"uvc-heading-spacer no_spacer\" style=\"top\"><\/div><div class=\"uvc-main-heading ult-responsive\"  data-ultimate-target='.uvc-heading.ultimate-heading-405569e0646bd5e53 h2'  data-responsive-json-new='{\"font-size\":\"\",\"line-height\":\"\"}' ><h2 style=\"font-family:&#039;Roboto&#039;;--font-weight:theme;\">TECNOLOG\u00cdA<\/h2><\/div><div class=\"uvc-sub-heading ult-responsive\"  data-ultimate-target='.uvc-heading.ultimate-heading-405569e0646bd5e53 .uvc-sub-heading '  data-responsive-json-new='{\"font-size\":\"\",\"line-height\":\"\"}'  style=\"font-family:&#039;Roboto&#039;;font-weight:300;\"><\/p>\n<div style=\"text-align: justify !important;\"><a style=\"text-decoration: none; color: #000;\" href=\"https:\/\/www.mallanetstechtextile.com\/tecnologia\/\">Contamos con la tecnolog\u00eda m\u00e1s avanzada y precisa para el desarrollo y fabricaci\u00f3n de nuestros productos: producci\u00f3n textil, corte por l\u00e1ser, desinfecci\u00f3n de lavadoras y esterilizaci\u00f3n en salas limpias.<\/a><\/div>\n<p><\/div><\/div>[\/vc_column][vc_column width=\u00bb1\/2&#8243;][vc_single_image image=\u00bb371&#8243; img_size=\u00bbfull\u00bb alignment=\u00bbcenter\u00bb onclick=\u00bbcustom_link\u00bb link=\u00bbhttps:\/\/www.mallanetstechtextile.com\/es\/desarrollos-personalizados\/\u00bb]<div id=\"ultimate-heading-695069e0646bd5ebd\" class=\"uvc-heading ult-adjust-bottom-margin ultimate-heading-695069e0646bd5ebd uvc-6954  uvc-heading-default-font-sizes\" data-hspacer=\"no_spacer\"  data-halign=\"center\" style=\"text-align:center\"><div class=\"uvc-heading-spacer no_spacer\" style=\"top\"><\/div><div class=\"uvc-main-heading ult-responsive\"  data-ultimate-target='.uvc-heading.ultimate-heading-695069e0646bd5ebd h2'  data-responsive-json-new='{\"font-size\":\"\",\"line-height\":\"\"}' ><h2 style=\"font-family:&#039;Roboto&#039;;--font-weight:theme;\">DESARROLLOS PERSONALIZADOS<\/h2><\/div><div class=\"uvc-sub-heading ult-responsive\"  data-ultimate-target='.uvc-heading.ultimate-heading-695069e0646bd5ebd .uvc-sub-heading '  data-responsive-json-new='{\"font-size\":\"\",\"line-height\":\"\"}'  style=\"font-family:&#039;Roboto&#039;;font-weight:300;\"><\/p>\n<div style=\"text-align: justify !important;\"><a style=\"text-decoration: none; color: #000;\" href=\"https:\/\/www.mallanetstechtextile.com\/id\/\">Nuestro departamento R &amp; D , formado por ingenieros y t\u00e9cnicos con m\u00e1s de 20 a\u00f1os de experiencia en el sector textil, desarrolla productos personalizados para satisfacer las necesidades de nuestros clientes.<\/a><\/div>\n<p><\/div><\/div>[\/vc_column][\/vc_row]<\/p>\n<\/div>","protected":false},"excerpt":{"rendered":"<p>[vc_row css=\u00bb.vc_custom_1632388521697{margin-top: 0px !important;margin-right: 0px !important;margin-bottom: 0px !important;margin-left: 0px !important;border-top-width: 0px !important;padding-top: 0px !important;padding-right: 0px !important;padding-left: 0px !important;background-position: center !important;background-repeat: no-repeat !important;background-size: cover !important;}\u00bb][vc_column width=\u00bb1\/2&#8243;][vc_row_inner content_placement=\u00bbmiddle\u00bb][vc_column_inner width=\u00bb1\/3&#8243; offset=\u00bbvc_col-xs-4&#8243;][vc_single_image image=\u00bb2119&#8243; img_size=\u00bb110&#8243; alignment=\u00bbcenter\u00bb onclick=\u00bbcustom_link\u00bb img_link_target=\u00bb_blank\u00bb css=\u00bb.vc_custom_1732010805863{margin-bottom: 0px !important;border-bottom-width: 0px !important;padding-bottom: 10px !important;}\u00bb image_hovers=\u00bbfalse\u00bb link=\u00bbhttps:\/\/www.mallanetstechtextile.com\/wp-content\/uploads\/2024\/10\/MALLANETS_SLU_ISO_13485_2024.pdf\u00bb][vc_column_text css=\u00bb.vc_custom_1746709469402{margin-top: 0px !important;margin-right: 0px !important;margin-bottom: 0px !important;margin-left: 0px !important;padding-top: 0px !important;padding-right: 0px !important;padding-bottom:&hellip;<\/p>\n","protected":false},"author":1,"featured_media":0,"parent":0,"menu_order":0,"comment_status":"closed","ping_status":"closed","template":"","meta":{"footnotes":""},"class_list":["post-11","page","type-page","status-publish","hentry","description-off"],"_links":{"self":[{"href":"https:\/\/www.mallanetstechtextile.com\/es\/wp-json\/wp\/v2\/pages\/11","targetHints":{"allow":["GET"]}}],"collection":[{"href":"https:\/\/www.mallanetstechtextile.com\/es\/wp-json\/wp\/v2\/pages"}],"about":[{"href":"https:\/\/www.mallanetstechtextile.com\/es\/wp-json\/wp\/v2\/types\/page"}],"author":[{"embeddable":true,"href":"https:\/\/www.mallanetstechtextile.com\/es\/wp-json\/wp\/v2\/users\/1"}],"replies":[{"embeddable":true,"href":"https:\/\/www.mallanetstechtextile.com\/es\/wp-json\/wp\/v2\/comments?post=11"}],"version-history":[{"count":115,"href":"https:\/\/www.mallanetstechtextile.com\/es\/wp-json\/wp\/v2\/pages\/11\/revisions"}],"predecessor-version":[{"id":2145,"href":"https:\/\/www.mallanetstechtextile.com\/es\/wp-json\/wp\/v2\/pages\/11\/revisions\/2145"}],"wp:attachment":[{"href":"https:\/\/www.mallanetstechtextile.com\/es\/wp-json\/wp\/v2\/media?parent=11"}],"curies":[{"name":"wp","href":"https:\/\/api.w.org\/{rel}","templated":true}]}}