{"id":110,"date":"2018-10-19T14:21:49","date_gmt":"2018-10-19T14:21:49","guid":{"rendered":"http:\/\/localhost\/MTT\/?page_id=110"},"modified":"2019-03-01T09:32:12","modified_gmt":"2019-03-01T09:32:12","slug":"tecnologia","status":"publish","type":"page","link":"https:\/\/www.mallanetstechtextile.com\/es\/tecnologia\/","title":{"rendered":"Tecnologia"},"content":{"rendered":"<div class=\"wpb-content-wrapper\"><p>[vc_row][vc_column width=\u00bb1\/2&#8243;][vc_single_image image=\u00bb1312&#8243; img_size=\u00bbfull\u00bb alignment=\u00bbcenter\u00bb style=\u00bbvc_box_outline\u00bb][\/vc_column][vc_column width=\u00bb1\/2&#8243;][vc_video link=\u00bbhttps:\/\/youtu.be\/r5lOLT2e4os\u00bb align=\u00bbcenter\u00bb][\/vc_column][\/vc_row][vc_row css=\u00bb.vc_custom_1550671984023{margin-bottom: 15px !important;}\u00bb][vc_column]<div id=\"ultimate-heading-195969e3f3fb30787\" class=\"uvc-heading ult-adjust-bottom-margin ultimate-heading-195969e3f3fb30787 uvc-6412  uvc-heading-default-font-sizes\" data-hspacer=\"no_spacer\"  data-halign=\"left\" style=\"text-align:left\"><div class=\"uvc-heading-spacer no_spacer\" style=\"top\"><\/div><div class=\"uvc-main-heading ult-responsive\"  data-ultimate-target='.uvc-heading.ultimate-heading-195969e3f3fb30787 h3'  data-responsive-json-new='{\"font-size\":\"\",\"line-height\":\"\"}' ><h3 style=\"font-family:&#039;Roboto&#039;;--font-weight:theme;margin-bottom:15px;\">CORTE LASER<\/h3><\/div><div class=\"uvc-sub-heading ult-responsive\"  data-ultimate-target='.uvc-heading.ultimate-heading-195969e3f3fb30787 .uvc-sub-heading '  data-responsive-json-new='{\"font-size\":\"\",\"line-height\":\"\"}'  style=\"font-family:&#039;Roboto&#039;;font-weight:300;\"><\/p>\n<p style=\"text-align: justify;\">Disponemos de la m\u00e1s alta tecnolog\u00eda para el desarrollo y fabricaci\u00f3n de nuestros productos. Todas las pr\u00f3tesis <strong>Mallanets<\/strong> est\u00e1n cortadas con Laser, consiguiendo as\u00ed fabricar con la m\u00e1xima precisi\u00f3n y calidad cualquier dise\u00f1o que los cirujanos deseen y evitar que las tengan que cortar con tijera en quir\u00f3fano, con la consecuente p\u00e9rdida de calidad. Al ser cortadas por Laser los bordes quedan termo-sellados y conseguimos que estos sean menos traum\u00e1ticos evitando futuras erosiones.<\/p>\n<p><\/div><\/div>[\/vc_column][\/vc_row][vc_row][vc_column width=\u00bb1\/2&#8243;]<div id=\"ultimate-heading-327869e3f3fb30856\" class=\"uvc-heading ult-adjust-bottom-margin ultimate-heading-327869e3f3fb30856 uvc-8004  uvc-heading-default-font-sizes\" data-hspacer=\"no_spacer\"  data-halign=\"left\" style=\"text-align:left\"><div class=\"uvc-heading-spacer no_spacer\" style=\"top\"><\/div><div class=\"uvc-main-heading ult-responsive\"  data-ultimate-target='.uvc-heading.ultimate-heading-327869e3f3fb30856 h3'  data-responsive-json-new='{\"font-size\":\"\",\"line-height\":\"\"}' ><h3 style=\"--font-weight:theme;margin-bottom:15px;\">TERMO DESINFECTADO AUTOM\u00c1TICO<\/h3><\/div><div class=\"uvc-sub-heading ult-responsive\"  data-ultimate-target='.uvc-heading.ultimate-heading-327869e3f3fb30856 .uvc-sub-heading '  data-responsive-json-new='{\"font-size\":\"\",\"line-height\":\"\"}'  style=\"font-family:&#039;Roboto&#039;;font-weight:300;\"><\/p>\n<p style=\"text-align: justify;\">Con este sistema, adem\u00e1s de la limpieza del material, se produce la termo-desinfecci\u00f3n del mismo. Se realiza en lavadoras autom\u00e1ticas espec\u00edficas para termo-desinfecci\u00f3n de material quir\u00fargico. Suponen una gran seguridad y comodidad para el personal que las utiliza. El material sale listo para ser clasificado, empaquetado y esterilizado.<\/p>\n<p><\/div><\/div>[\/vc_column][vc_column width=\u00bb1\/2&#8243;][vc_single_image image=\u00bb1155&#8243; img_size=\u00bbfull\u00bb alignment=\u00bbcenter\u00bb style=\u00bbvc_box_outline\u00bb][\/vc_column][\/vc_row][vc_row][vc_column width=\u00bb1\/2&#8243;]<div id=\"ultimate-heading-538669e3f3fb308d3\" class=\"uvc-heading ult-adjust-bottom-margin ultimate-heading-538669e3f3fb308d3 uvc-9751  uvc-heading-default-font-sizes\" data-hspacer=\"no_spacer\"  data-halign=\"left\" style=\"text-align:left\"><div class=\"uvc-heading-spacer no_spacer\" style=\"top\"><\/div><div class=\"uvc-main-heading ult-responsive\"  data-ultimate-target='.uvc-heading.ultimate-heading-538669e3f3fb308d3 h3'  data-responsive-json-new='{\"font-size\":\"\",\"line-height\":\"\"}' ><h3 style=\"--font-weight:theme;margin-bottom:15px;\">ESTERILIZADO POR \u00d3XIDO DE ETILENO<\/h3><\/div><div class=\"uvc-sub-heading ult-responsive\"  data-ultimate-target='.uvc-heading.ultimate-heading-538669e3f3fb308d3 .uvc-sub-heading '  data-responsive-json-new='{\"font-size\":\"\",\"line-height\":\"\"}'  style=\"font-family:&#039;Roboto&#039;;font-weight:300;\"><\/p>\n<p style=\"text-align: justify;\">Es uno de los procesos de esterilizaci\u00f3n m\u00e1s eficaz a baja temperatura y tiene m\u00e1s de 60 a\u00f1os de existencia en el sector m\u00e9dico y farmac\u00e9utico.<br \/>\nHoy en d\u00eda, la esterilizaci\u00f3n por \u00f3xido de etileno (ETO) ha evolucionado hasta alcanzar un alto nivel de rendimiento y de eficacia. Se trata ahora de una tecnolog\u00eda probada para los productos termo sensibles, que no pueden esterilizarse con otros m\u00e9todos de esterilizaci\u00f3n tradicionales como el vapor o el calor.<br \/>\nEste proceso qu\u00edmico de esterilizaci\u00f3n basado en la difusi\u00f3n de un gas el \u00f3xido de etileno o ETO, es capaz de esterilizar y destruir los micro-organismos. Es un m\u00e9todo de esterilizaci\u00f3n a baja temperatura ya que trabaja con temperaturas que no superan 60\u00ba C.<\/p>\n<p><\/div><\/div>[\/vc_column][vc_column width=\u00bb1\/2&#8243;][vc_single_image image=\u00bb1315&#8243; img_size=\u00bbfull\u00bb alignment=\u00bbcenter\u00bb style=\u00bbvc_box_outline\u00bb][\/vc_column][\/vc_row][vc_row css=\u00bb.vc_custom_1549298154731{margin-bottom: 5px !important;padding-top: 85px !important;}\u00bb][vc_column width=\u00bb1\/2&#8243;]<div id=\"ultimate-heading-128769e3f3fb30945\" class=\"uvc-heading ult-adjust-bottom-margin ultimate-heading-128769e3f3fb30945 uvc-1496  uvc-heading-default-font-sizes\" data-hspacer=\"no_spacer\"  data-halign=\"left\" style=\"text-align:left\"><div class=\"uvc-heading-spacer no_spacer\" style=\"top\"><\/div><div class=\"uvc-main-heading ult-responsive\"  data-ultimate-target='.uvc-heading.ultimate-heading-128769e3f3fb30945 h3'  data-responsive-json-new='{\"font-size\":\"\",\"line-height\":\"\"}' ><h3 style=\"--font-weight:theme;margin-bottom:15px;\">FABRICACI\u00d3N TEXTIL<\/h3><\/div><div class=\"uvc-sub-heading ult-responsive\"  data-ultimate-target='.uvc-heading.ultimate-heading-128769e3f3fb30945 .uvc-sub-heading '  data-responsive-json-new='{\"font-size\":\"\",\"line-height\":\"\"}'  style=\"font-family:&#039;Roboto&#039;;font-weight:300;\"><\/p>\n<p style=\"text-align: justify;\">Nuestro proceso de fabricaci\u00f3n lo controla un equipo humano formado por Ingenieros, T\u00e9cnicos textiles y tejedores con m\u00e1s de 20 a\u00f1os de experiencia en el sector. Nuestro parque de maquinaria tiene una capacidad productiva anual de m\u00e1s de 10.000.000 m2.<\/p>\n<p><\/div><\/div>[\/vc_column][vc_column width=\u00bb1\/2&#8243; css=\u00bb.vc_custom_1547799553327{margin-top: 45px !important;}\u00bb]<div id=\"ultimate-heading-623369e3f3fb309c0\" class=\"uvc-heading ult-adjust-bottom-margin ultimate-heading-623369e3f3fb309c0 uvc-7949  uvc-heading-default-font-sizes\" data-hspacer=\"no_spacer\"  data-halign=\"left\" style=\"text-align:left\"><div class=\"uvc-heading-spacer no_spacer\" style=\"top\"><\/div><div class=\"uvc-sub-heading ult-responsive\"  data-ultimate-target='.uvc-heading.ultimate-heading-623369e3f3fb309c0 .uvc-sub-heading '  data-responsive-json-new='{\"font-size\":\"\",\"line-height\":\"\"}'  style=\"font-family:&#039;Roboto&#039;;font-weight:300;\"><\/p>\n<p style=\"text-align: justify;\">Debido a nuestras altas exigencias de calidad (ISO9001 y 13485) toda nuestra maquinaria lleva adaptada un sistema de paro de fallos por Laser, asegurando as\u00ed la excelencia exigida por nuestros clientes y colaboradores.<\/p>\n<p><\/div><\/div>[\/vc_column][\/vc_row][vc_row css=\u00bb.vc_custom_1547798019442{margin-top: 5px !important;}\u00bb][vc_column width=\u00bb1\/2&#8243;][vc_single_image image=\u00bb1317&#8243; img_size=\u00bbfull\u00bb alignment=\u00bbcenter\u00bb style=\u00bbvc_box_outline\u00bb][\/vc_column][vc_column width=\u00bb1\/2&#8243;][vc_single_image image=\u00bb1160&#8243; img_size=\u00bbfull\u00bb alignment=\u00bbcenter\u00bb style=\u00bbvc_box_outline\u00bb][\/vc_column][\/vc_row][vc_row css=\u00bb.vc_custom_1549298170120{padding-top: 85px !important;}\u00bb][vc_column width=\u00bb1\/2&#8243;]<div id=\"ultimate-heading-739169e3f3fb30a1a\" class=\"uvc-heading ult-adjust-bottom-margin ultimate-heading-739169e3f3fb30a1a uvc-7506  uvc-heading-default-font-sizes\" data-hspacer=\"no_spacer\"  data-halign=\"left\" style=\"text-align:left\"><div class=\"uvc-heading-spacer no_spacer\" style=\"top\"><\/div><div class=\"uvc-main-heading ult-responsive\"  data-ultimate-target='.uvc-heading.ultimate-heading-739169e3f3fb30a1a h3'  data-responsive-json-new='{\"font-size\":\"\",\"line-height\":\"\"}' ><h3 style=\"--font-weight:theme;margin-bottom:15px;\">LAMINADOS PARA COMPOSITES<\/h3><\/div><div class=\"uvc-sub-heading ult-responsive\"  data-ultimate-target='.uvc-heading.ultimate-heading-739169e3f3fb30a1a .uvc-sub-heading '  data-responsive-json-new='{\"font-size\":\"\",\"line-height\":\"\"}'  style=\"font-family:&#039;Roboto&#039;;font-weight:300;\"><\/p>\n<p style=\"text-align: justify;\">Para nuestra divisi\u00f3n de Composites realizamos el proceso de laminado a nuestro tejido t\u00e9cnico <strong>Complex<\/strong>, usado para la distribuci\u00f3n de resina en los procesos de Infusi\u00f3n de Resina, CRIMP y VARTM, ofreciendo una soluci\u00f3n completa y m\u00e1s calidad a nuestros clientes.<\/p>\n<p><\/div><\/div>[\/vc_column][vc_column width=\u00bb1\/2&#8243;][vc_video link=\u00bbhttps:\/\/www.youtube.com\/watch?v=eEy9Lega2xE\u00bb][\/vc_column][\/vc_row]<\/p>\n<\/div>","protected":false},"excerpt":{"rendered":"<p>[vc_row][vc_column width=\u00bb1\/2&#8243;][vc_single_image image=\u00bb1312&#8243; img_size=\u00bbfull\u00bb alignment=\u00bbcenter\u00bb style=\u00bbvc_box_outline\u00bb][\/vc_column][vc_column width=\u00bb1\/2&#8243;][vc_video link=\u00bbhttps:\/\/youtu.be\/r5lOLT2e4os\u00bb align=\u00bbcenter\u00bb][\/vc_column][\/vc_row][vc_row css=\u00bb.vc_custom_1550671984023{margin-bottom: 15px !important;}\u00bb][vc_column][\/vc_column][\/vc_row][vc_row][vc_column width=\u00bb1\/2&#8243;][\/vc_column][vc_column width=\u00bb1\/2&#8243;][vc_single_image image=\u00bb1155&#8243; img_size=\u00bbfull\u00bb alignment=\u00bbcenter\u00bb style=\u00bbvc_box_outline\u00bb][\/vc_column][\/vc_row][vc_row][vc_column width=\u00bb1\/2&#8243;][\/vc_column][vc_column width=\u00bb1\/2&#8243;][vc_single_image image=\u00bb1315&#8243; img_size=\u00bbfull\u00bb alignment=\u00bbcenter\u00bb style=\u00bbvc_box_outline\u00bb][\/vc_column][\/vc_row][vc_row css=\u00bb.vc_custom_1549298154731{margin-bottom: 5px !important;padding-top: 85px !important;}\u00bb][vc_column width=\u00bb1\/2&#8243;][\/vc_column][vc_column width=\u00bb1\/2&#8243; css=\u00bb.vc_custom_1547799553327{margin-top: 45px !important;}\u00bb][\/vc_column][\/vc_row][vc_row css=\u00bb.vc_custom_1547798019442{margin-top: 5px !important;}\u00bb][vc_column width=\u00bb1\/2&#8243;][vc_single_image image=\u00bb1317&#8243; img_size=\u00bbfull\u00bb alignment=\u00bbcenter\u00bb style=\u00bbvc_box_outline\u00bb][\/vc_column][vc_column width=\u00bb1\/2&#8243;][vc_single_image image=\u00bb1160&#8243; img_size=\u00bbfull\u00bb alignment=\u00bbcenter\u00bb style=\u00bbvc_box_outline\u00bb][\/vc_column][\/vc_row][vc_row css=\u00bb.vc_custom_1549298170120{padding-top: 85px !important;}\u00bb][vc_column width=\u00bb1\/2&#8243;][\/vc_column][vc_column width=\u00bb1\/2&#8243;][vc_video link=\u00bbhttps:\/\/www.youtube.com\/watch?v=eEy9Lega2xE\u00bb][\/vc_column][\/vc_row]<\/p>\n","protected":false},"author":1,"featured_media":0,"parent":0,"menu_order":0,"comment_status":"closed","ping_status":"closed","template":"","meta":{"footnotes":""},"class_list":["post-110","page","type-page","status-publish","hentry","description-off"],"_links":{"self":[{"href":"https:\/\/www.mallanetstechtextile.com\/es\/wp-json\/wp\/v2\/pages\/110","targetHints":{"allow":["GET"]}}],"collection":[{"href":"https:\/\/www.mallanetstechtextile.com\/es\/wp-json\/wp\/v2\/pages"}],"about":[{"href":"https:\/\/www.mallanetstechtextile.com\/es\/wp-json\/wp\/v2\/types\/page"}],"author":[{"embeddable":true,"href":"https:\/\/www.mallanetstechtextile.com\/es\/wp-json\/wp\/v2\/users\/1"}],"replies":[{"embeddable":true,"href":"https:\/\/www.mallanetstechtextile.com\/es\/wp-json\/wp\/v2\/comments?post=110"}],"version-history":[{"count":47,"href":"https:\/\/www.mallanetstechtextile.com\/es\/wp-json\/wp\/v2\/pages\/110\/revisions"}],"predecessor-version":[{"id":1885,"href":"https:\/\/www.mallanetstechtextile.com\/es\/wp-json\/wp\/v2\/pages\/110\/revisions\/1885"}],"wp:attachment":[{"href":"https:\/\/www.mallanetstechtextile.com\/es\/wp-json\/wp\/v2\/media?parent=110"}],"curies":[{"name":"wp","href":"https:\/\/api.w.org\/{rel}","templated":true}]}}