{"id":1365,"date":"2019-02-14T15:15:28","date_gmt":"2019-02-14T15:15:28","guid":{"rendered":"https:\/\/www.mallanetstechtextile.com\/?page_id=1365"},"modified":"2019-02-22T09:32:13","modified_gmt":"2019-02-22T09:32:13","slug":"prolapso-rectal","status":"publish","type":"page","link":"https:\/\/www.mallanetstechtextile.com\/es\/healthcare\/paciente\/cirugia-general-y-del-aparato-digestivo\/prolapso-rectal\/","title":{"rendered":"Prolapso rectal"},"content":{"rendered":"<div class=\"wpb-content-wrapper\"><p>[vc_row css=\u00bb.vc_custom_1550595449495{padding-bottom: 55px !important;}\u00bb][vc_column width=\u00bb1\/2&#8243;]<div id=\"ultimate-heading-606869e3e018d0a67\" class=\"uvc-heading ult-adjust-bottom-margin ultimate-heading-606869e3e018d0a67 uvc-2672  uvc-heading-default-font-sizes\" data-hspacer=\"no_spacer\"  data-halign=\"left\" style=\"text-align:left\"><div class=\"uvc-heading-spacer no_spacer\" style=\"top\"><\/div><div class=\"uvc-main-heading ult-responsive\"  data-ultimate-target='.uvc-heading.ultimate-heading-606869e3e018d0a67 h3'  data-responsive-json-new='{\"font-size\":\"\",\"line-height\":\"\"}' ><h3 style=\"font-family:&#039;Roboto&#039;;--font-weight:theme;margin-bottom:15px;\">Prolapso rectal<\/h3><\/div><div class=\"uvc-sub-heading ult-responsive\"  data-ultimate-target='.uvc-heading.ultimate-heading-606869e3e018d0a67 .uvc-sub-heading '  data-responsive-json-new='{\"font-size\":\"\",\"line-height\":\"\"}'  style=\"font-family:&#039;Roboto&#039;;font-weight:300;\">La cirug\u00eda de prolapso rectal es un procedimiento para reparar el prolapso rectal, que ocurre cuando la \u00faltima parte del intestino grueso (el recto) sufre un estiramiento y sobresale del ano. La cirug\u00eda vuelve a colocar el recto en su lugar.<\/p>\n<p>Existen varias formas de realizar una cirug\u00eda de prolapso rectal. El cirujano te recomendar\u00e1 el m\u00e9todo adecuado para ti, en funci\u00f3n de la afecci\u00f3n y tu estado general de salud.<\/div><\/div>[\/vc_column][vc_column width=\u00bb1\/2&#8243;][vc_single_image image=\u00bb1503&#8243; img_size=\u00bbfull\u00bb][\/vc_column][\/vc_row][vc_row css=\u00bb.vc_custom_1550595453779{padding-bottom: 55px !important;}\u00bb][vc_column width=\u00bb1\/2&#8243;]<div id=\"ultimate-heading-390469e3e018d0b09\" class=\"uvc-heading ult-adjust-bottom-margin ultimate-heading-390469e3e018d0b09 uvc-1401  uvc-heading-default-font-sizes\" data-hspacer=\"no_spacer\"  data-halign=\"left\" style=\"text-align:left\"><div class=\"uvc-heading-spacer no_spacer\" style=\"top\"><\/div><div class=\"uvc-main-heading ult-responsive\"  data-ultimate-target='.uvc-heading.ultimate-heading-390469e3e018d0b09 h3'  data-responsive-json-new='{\"font-size\":\"\",\"line-height\":\"\"}' ><h3 style=\"font-family:&#039;Roboto&#039;;--font-weight:theme;margin-bottom:15px;\">Por qu\u00e9 se realiza<\/h3><\/div><div class=\"uvc-sub-heading ult-responsive\"  data-ultimate-target='.uvc-heading.ultimate-heading-390469e3e018d0b09 .uvc-sub-heading '  data-responsive-json-new='{\"font-size\":\"\",\"line-height\":\"\"}'  style=\"font-family:&#039;Roboto&#039;;font-weight:300;\">La cirug\u00eda de prolapso rectal se realiza en personas con s\u00edntomas cr\u00f3nicos de prolapso rectal, como la p\u00e9rdida de heces, incapacidad de controlar las evacuaciones intestinales (incontinencia fecal) u obstrucci\u00f3n de las evacuaciones intestinales. Este problema es m\u00e1s frecuente en las mujeres de edad avanzada.<\/div><\/div>[\/vc_column][vc_column width=\u00bb1\/2&#8243;][vc_single_image image=\u00bb1506&#8243; img_size=\u00bbfull\u00bb][\/vc_column][\/vc_row][vc_row css=\u00bb.vc_custom_1550595459062{padding-bottom: 55px !important;}\u00bb][vc_column]<div id=\"ultimate-heading-296769e3e018d0b7e\" class=\"uvc-heading ult-adjust-bottom-margin ultimate-heading-296769e3e018d0b7e uvc-3190  uvc-heading-default-font-sizes\" data-hspacer=\"no_spacer\"  data-halign=\"left\" style=\"text-align:left\"><div class=\"uvc-heading-spacer no_spacer\" style=\"top\"><\/div><div class=\"uvc-main-heading ult-responsive\"  data-ultimate-target='.uvc-heading.ultimate-heading-296769e3e018d0b7e h3'  data-responsive-json-new='{\"font-size\":\"\",\"line-height\":\"\"}' ><h3 style=\"font-family:&#039;Roboto&#039;;--font-weight:theme;margin-bottom:15px;\">Riesgos<\/h3><\/div><div class=\"uvc-sub-heading ult-responsive\"  data-ultimate-target='.uvc-heading.ultimate-heading-296769e3e018d0b7e .uvc-sub-heading '  data-responsive-json-new='{\"font-size\":\"\",\"line-height\":\"\"}'  style=\"font-family:&#039;Roboto&#039;;font-weight:300;\">La cirug\u00eda de prolapso rectal conlleva riesgos graves. Los riesgos var\u00edan seg\u00fan la t\u00e9cnica quir\u00fargica. Pero, en general, los riesgos de la cirug\u00eda de prolapso rectal comprenden:<\/p>\n<ul>\n<li>Sangrado<\/li>\n<li>Obstrucci\u00f3n intestinal<\/li>\n<li>Da\u00f1o a estructuras cercanas, como nervios y \u00f3rganos<\/li>\n<li>Estrechamiento (constricci\u00f3n) de la abertura anal<\/li>\n<li>Infecci\u00f3n<\/li>\n<li>F\u00edstula, una conexi\u00f3n anormal entre dos partes del cuerpo, como el recto y la vagina<\/li>\n<li>Recurrencia del prolapso rectal<\/li>\n<li>Aparici\u00f3n de estre\u00f1imiento o empeoramiento<\/li>\n<\/ul>\n<p><\/div><\/div>[\/vc_column][\/vc_row][vc_row][vc_column]<div id=\"ultimate-heading-74369e3e018d0beb\" class=\"uvc-heading ult-adjust-bottom-margin ultimate-heading-74369e3e018d0beb uvc-9921  uvc-heading-default-font-sizes\" data-hspacer=\"no_spacer\"  data-halign=\"left\" style=\"text-align:left\"><div class=\"uvc-heading-spacer no_spacer\" style=\"top\"><\/div><div class=\"uvc-main-heading ult-responsive\"  data-ultimate-target='.uvc-heading.ultimate-heading-74369e3e018d0beb h3'  data-responsive-json-new='{\"font-size\":\"\",\"line-height\":\"\"}' ><h3 style=\"font-family:&#039;Roboto&#039;;--font-weight:theme;margin-bottom:15px;\">Durante la cirug\u00eda de prolapso rectal<\/h3><\/div><div class=\"uvc-sub-heading ult-responsive\"  data-ultimate-target='.uvc-heading.ultimate-heading-74369e3e018d0beb .uvc-sub-heading '  data-responsive-json-new='{\"font-size\":\"\",\"line-height\":\"\"}'  style=\"font-family:&#039;Roboto&#039;;font-weight:300;\">La cirug\u00eda de prolapso rectal puede realizarse a trav\u00e9s del abdomen (rectopexia), ya sea con una incisi\u00f3n de gran tama\u00f1o (cirug\u00eda abierta) o m\u00e9todos laparosc\u00f3picos, o a trav\u00e9s de la regi\u00f3n alrededor del ano (perineo).<\/p>\n<p>La cirug\u00eda puede realizarse con anestesia general, en cuyo caso estar\u00e1s dormido; un bloqueo espinal, en cuyo caso se duerme la mitad inferior del cuerpo; o una combinaci\u00f3n de medicamentos relajantes y anestesia local para dormir el ano (bloqueo perianal).<\/p>\n<p>El enfoque que tu cirujano escoja depender\u00e1 de varios factores, como tu edad, otros problemas de salud que tengas, la experiencia y preferencias del cirujano, y los equipos disponibles. Ning\u00fan procedimiento se considera que sea el mejor de todos. Analiza las opciones con tu cirujano.<\/p>\n<p>Tipos de cirug\u00eda de prolapso rectal:<\/p>\n<ul>\n<li><strong>Reparaci\u00f3n del prolapso rectal desde el abdomen.<\/strong> Mediante una incisi\u00f3n en el abdomen, el cirujano tira del recto para volver a ponerlo en su lugar. Con suturas o un cabestrillo de malla, sujeta el recto a la pared posterior de la pelvis (sacro). En algunos casos, como cuando hay antecedentes extensos de estre\u00f1imiento, el cirujano puede extirpar tambi\u00e9n una parte del colon.<\/li>\n<li><strong>Cirug\u00eda laparosc\u00f3pica de prolapso rectal.<\/strong> En este procedimiento, que tambi\u00e9n se realiza a trav\u00e9s del abdomen, se usan varias incisiones m\u00e1s peque\u00f1as. El cirujano inserta instrumentos quir\u00fargicos especiales y una diminuta c\u00e1mara a trav\u00e9s de las incisiones abdominales para reparar el prolapso rectal. En un enfoque rob\u00f3tico emergente, se usa un robot para realizar la operaci\u00f3n.<\/li>\n<li><strong>Reparaci\u00f3n del prolapso rectal a trav\u00e9s de la regi\u00f3n que rodea el ano (rectosigmoidoscopia perineal).<\/strong> Durante la realizaci\u00f3n de la forma m\u00e1s frecuente de este procedimiento (procedimiento de Altemeier), el cirujano tira del recto a trav\u00e9s del ano, extrae una parte del recto y del sigmoide, y une la parte restante del recto al intestino grueso (colon). Por lo general, esta reparaci\u00f3n se reserva para las personas que no son candidatas para una reparaci\u00f3n abierta o laparosc\u00f3pica.Otro m\u00e9todo para reparar el prolapso rectal desde el perineo (procedimiento de Delorme) se realiza m\u00e1s normalmente para prolapsos cortos. Se extrae el recubrimiento del recto y se dobla la capa muscular para acortar el recto.<\/li>\n<\/ul>\n<p>Si tienes prolapso rectal y alguna otra enfermedad determinada, como prolapso vaginal o prolapso de los \u00f3rganos p\u00e9lvicos, puedes someterte a ambas reparaciones en una sola cirug\u00eda.<\/div><\/div><div id=\"ultimate-heading-616669e3e018d0c75\" class=\"uvc-heading ult-adjust-bottom-margin ultimate-heading-616669e3e018d0c75 uvc-7570  uvc-heading-default-font-sizes\" data-hspacer=\"no_spacer\"  data-halign=\"left\" style=\"text-align:left\"><div class=\"uvc-heading-spacer no_spacer\" style=\"top\"><\/div><div class=\"uvc-main-heading ult-responsive\"  data-ultimate-target='.uvc-heading.ultimate-heading-616669e3e018d0c75 h3'  data-responsive-json-new='{\"font-size\":\"\",\"line-height\":\"\"}' ><h3 style=\"font-family:&#039;Roboto&#039;;--font-weight:theme;margin-top:15px;margin-bottom:15px;\">Despu\u00e9s de la cirug\u00eda de prolapso rectal<\/h3><\/div><div class=\"uvc-sub-heading ult-responsive\"  data-ultimate-target='.uvc-heading.ultimate-heading-616669e3e018d0c75 .uvc-sub-heading '  data-responsive-json-new='{\"font-size\":\"\",\"line-height\":\"\"}'  style=\"font-family:&#039;Roboto&#039;;font-weight:300;\">Deber\u00e1s permanecer un per\u00edodo breve en el hospital para recuperarte y recobrar tus funciones intestinales. Comenzar\u00e1s con una dieta l\u00edquida absoluta, y luego comenzar\u00e1s a comer alimentos s\u00f3lidos. La cantidad de tiempo que pases en el hospital, posiblemente durante la noche, depender\u00e1 del procedimiento al que te sometas.<\/p>\n<p>Es probable que el m\u00e9dico te recomiende beber mucho l\u00edquido, consumir ablandadores de heces y una dieta rica en fibras en las semanas posteriores a la cirug\u00eda para evitar el estre\u00f1imiento y la tensi\u00f3n excesiva, lo cual podr\u00eda derivar en una recurrencia del prolapso rectal. La mayor\u00eda de las personas pueden retomar sus actividades diarias al cabo de cuatro a seis semanas despu\u00e9s de la cirug\u00eda.<\/p>\n<p>Algunas personas necesitan fisioterapia para volver a aprender a usar los m\u00fasculos del suelo p\u00e9lvico.<\/div><\/div><div id=\"ultimate-heading-900169e3e018d0ce5\" class=\"uvc-heading ult-adjust-bottom-margin ultimate-heading-900169e3e018d0ce5 uvc-9257  uvc-heading-default-font-sizes\" data-hspacer=\"no_spacer\"  data-halign=\"left\" style=\"text-align:left\"><div class=\"uvc-heading-spacer no_spacer\" style=\"top\"><\/div><div class=\"uvc-main-heading ult-responsive\"  data-ultimate-target='.uvc-heading.ultimate-heading-900169e3e018d0ce5 h3'  data-responsive-json-new='{\"font-size\":\"\",\"line-height\":\"\"}' ><h3 style=\"font-family:&#039;Roboto&#039;;--font-weight:theme;margin-top:15px;margin-bottom:15px;\">Resultados<\/h3><\/div><div class=\"uvc-sub-heading ult-responsive\"  data-ultimate-target='.uvc-heading.ultimate-heading-900169e3e018d0ce5 .uvc-sub-heading '  data-responsive-json-new='{\"font-size\":\"\",\"line-height\":\"\"}'  style=\"font-family:&#039;Roboto&#039;;font-weight:300;\">En la mayor\u00eda de los casos, la cirug\u00eda de prolapso rectal alivia los s\u00edntomas y mejora la incontinencia fecal y el estre\u00f1imiento. Sin embargo, en algunos casos, el estre\u00f1imiento puede empeorar y convertirse en un problema cuando antes de la cirug\u00eda no lo era. Si tienes estre\u00f1imiento antes de la cirug\u00eda, pregunta a tu m\u00e9dico c\u00f3mo aliviarlo.<\/p>\n<p>La reaparici\u00f3n del prolapso rectal despu\u00e9s de la cirug\u00eda ocurre en alrededor del 2 al 5 por ciento de las personas. Al parecer, es un poco m\u00e1s frecuente en las personas que se sometieron a una cirug\u00eda perineal que en aquellas que se sometieron a una cirug\u00eda abdominal.<\/div><\/div>[\/vc_column][\/vc_row]<\/p>\n<\/div>","protected":false},"excerpt":{"rendered":"<p>[vc_row css=\u00bb.vc_custom_1550595449495{padding-bottom: 55px !important;}\u00bb][vc_column width=\u00bb1\/2&#8243;][\/vc_column][vc_column width=\u00bb1\/2&#8243;][vc_single_image image=\u00bb1503&#8243; img_size=\u00bbfull\u00bb][\/vc_column][\/vc_row][vc_row css=\u00bb.vc_custom_1550595453779{padding-bottom: 55px !important;}\u00bb][vc_column width=\u00bb1\/2&#8243;][\/vc_column][vc_column width=\u00bb1\/2&#8243;][vc_single_image image=\u00bb1506&#8243; img_size=\u00bbfull\u00bb][\/vc_column][\/vc_row][vc_row css=\u00bb.vc_custom_1550595459062{padding-bottom: 55px !important;}\u00bb][vc_column][\/vc_column][\/vc_row][vc_row][vc_column][\/vc_column][\/vc_row]<\/p>\n","protected":false},"author":1,"featured_media":0,"parent":1370,"menu_order":0,"comment_status":"closed","ping_status":"closed","template":"","meta":{"footnotes":""},"class_list":["post-1365","page","type-page","status-publish","hentry","description-off"],"_links":{"self":[{"href":"https:\/\/www.mallanetstechtextile.com\/es\/wp-json\/wp\/v2\/pages\/1365","targetHints":{"allow":["GET"]}}],"collection":[{"href":"https:\/\/www.mallanetstechtextile.com\/es\/wp-json\/wp\/v2\/pages"}],"about":[{"href":"https:\/\/www.mallanetstechtextile.com\/es\/wp-json\/wp\/v2\/types\/page"}],"author":[{"embeddable":true,"href":"https:\/\/www.mallanetstechtextile.com\/es\/wp-json\/wp\/v2\/users\/1"}],"replies":[{"embeddable":true,"href":"https:\/\/www.mallanetstechtextile.com\/es\/wp-json\/wp\/v2\/comments?post=1365"}],"version-history":[{"count":8,"href":"https:\/\/www.mallanetstechtextile.com\/es\/wp-json\/wp\/v2\/pages\/1365\/revisions"}],"predecessor-version":[{"id":1676,"href":"https:\/\/www.mallanetstechtextile.com\/es\/wp-json\/wp\/v2\/pages\/1365\/revisions\/1676"}],"up":[{"embeddable":true,"href":"https:\/\/www.mallanetstechtextile.com\/es\/wp-json\/wp\/v2\/pages\/1370"}],"wp:attachment":[{"href":"https:\/\/www.mallanetstechtextile.com\/es\/wp-json\/wp\/v2\/media?parent=1365"}],"curies":[{"name":"wp","href":"https:\/\/api.w.org\/{rel}","templated":true}]}}