{"id":1368,"date":"2019-02-14T15:17:04","date_gmt":"2019-02-14T15:17:04","guid":{"rendered":"https:\/\/www.mallanetstechtextile.com\/?page_id=1368"},"modified":"2019-03-15T11:00:19","modified_gmt":"2019-03-15T11:00:19","slug":"cirugia-del-suelo-pelvico-femenino","status":"publish","type":"page","link":"https:\/\/www.mallanetstechtextile.com\/es\/healthcare\/paciente\/cirugia-del-suelo-pelvico-femenino\/","title":{"rendered":"Cirug\u00eda del Suelo P\u00e9lvico Femenino"},"content":{"rendered":"<div class=\"wpb-content-wrapper\"><p>[vc_row equal_height=\u00bbyes\u00bb css=\u00bb.vc_custom_1550768705279{margin-bottom: 35px !important;border-top-width: 1px !important;border-right-width: 1px !important;border-bottom-width: 1px !important;border-left-width: 1px !important;background-color: #f9f9f9 !important;border-left-color: #e5e5e5 !important;border-left-style: solid !important;border-right-color: #e5e5e5 !important;border-right-style: solid !important;border-top-color: #e5e5e5 !important;border-top-style: solid !important;border-bottom-color: #e5e5e5 !important;border-bottom-style: solid !important;}\u00bb][vc_column width=\u00bb1\/4&#8243;][vc_single_image image=\u00bb1723&#8243; img_size=\u00bbfull\u00bb alignment=\u00bbcenter\u00bb style=\u00bbvc_box_outline\u00bb onclick=\u00bbcustom_link\u00bb link=\u00bbhttps:\/\/www.mallanetstechtextile.com\/es\/healthcare\/paciente\/cirugia-del-suelo-pelvico-femenino\/incontinencia\/\u00bb][\/vc_column][vc_column width=\u00bb3\/4&#8243;]<div id=\"ultimate-heading-208669f22dee1340d\" class=\"uvc-heading ult-adjust-bottom-margin ultimate-heading-208669f22dee1340d uvc-2623  uvc-heading-default-font-sizes\" data-hspacer=\"no_spacer\"  data-halign=\"left\" style=\"text-align:left\"><div class=\"uvc-heading-spacer no_spacer\" style=\"top\"><\/div><div class=\"uvc-main-heading ult-responsive\"  data-ultimate-target='.uvc-heading.ultimate-heading-208669f22dee1340d h3'  data-responsive-json-new='{\"font-size\":\"\",\"line-height\":\"\"}' ><h3 style=\"font-family:&#039;Roboto&#039;;--font-weight:theme;margin-bottom:15px;\">Incontinencia de esfuerzo<\/h3><\/div><div class=\"uvc-sub-heading ult-responsive\"  data-ultimate-target='.uvc-heading.ultimate-heading-208669f22dee1340d .uvc-sub-heading '  data-responsive-json-new='{\"font-size\":\"\",\"line-height\":\"\"}'  style=\"font-family:&#039;Roboto&#039;;font-weight:300;\">La incontinencia urinaria es la emisi\u00f3n accidental de orina. Puede suceder cuando tose, se r\u00ede, estornuda o trota. O podr\u00eda tener una necesidad repentina de ir al ba\u00f1o, pero no puede llegar a tiempo. Los problemas de control de la vejiga son muy comunes, especialmente entre los adultos mayores. Por lo general, no causan problemas de salud graves, pero pueden causar verg\u00fcenza.<\/div><\/div>[vc_btn title=\u00bbM\u00e1s informaci\u00f3n\u00bb style=\u00bbgradient\u00bb link=\u00bburl:https%3A%2F%2Fwww.mallanetstechtextile.com%2Fes%2Fhealthcare%2Fpaciente%2Fcirugia-del-suelo-pelvico-femenino%2Fincontinencia%2F|||\u00bb css=\u00bb.vc_custom_1552647600426{padding-top: 35px !important;}\u00bb][\/vc_column][\/vc_row][vc_row equal_height=\u00bbyes\u00bb css=\u00bb.vc_custom_1550768729279{border-top-width: 1px !important;border-right-width: 1px !important;border-bottom-width: 1px !important;border-left-width: 1px !important;background-color: #f9f9f9 !important;border-left-color: #e5e5e5 !important;border-left-style: solid !important;border-right-color: #e5e5e5 !important;border-right-style: solid !important;border-top-color: #e5e5e5 !important;border-top-style: solid !important;border-bottom-color: #e5e5e5 !important;border-bottom-style: solid !important;}\u00bb][vc_column width=\u00bb1\/4&#8243;][vc_single_image image=\u00bb1563&#8243; img_size=\u00bbfull\u00bb alignment=\u00bbcenter\u00bb style=\u00bbvc_box_outline\u00bb onclick=\u00bbcustom_link\u00bb link=\u00bbhttps:\/\/www.mallanetstechtextile.com\/es\/healthcare\/paciente\/cirugia-del-suelo-pelvico-femenino\/prolapsos\/\u00bb][\/vc_column][vc_column width=\u00bb3\/4&#8243;]<div id=\"ultimate-heading-464269f22dee134b2\" class=\"uvc-heading ult-adjust-bottom-margin ultimate-heading-464269f22dee134b2 uvc-6990  uvc-heading-default-font-sizes\" data-hspacer=\"no_spacer\"  data-halign=\"left\" style=\"text-align:left\"><div class=\"uvc-heading-spacer no_spacer\" style=\"top\"><\/div><div class=\"uvc-main-heading ult-responsive\"  data-ultimate-target='.uvc-heading.ultimate-heading-464269f22dee134b2 h3'  data-responsive-json-new='{\"font-size\":\"\",\"line-height\":\"\"}' ><h3 style=\"font-family:&#039;Roboto&#039;;--font-weight:theme;margin-bottom:15px;\">Prolapso<\/h3><\/div><div class=\"uvc-sub-heading ult-responsive\"  data-ultimate-target='.uvc-heading.ultimate-heading-464269f22dee134b2 .uvc-sub-heading '  data-responsive-json-new='{\"font-size\":\"\",\"line-height\":\"\"}'  style=\"font-family:&#039;Roboto&#039;;font-weight:300;\">Descenso o ca\u00edda de un \u00f3rgano interno, una v\u00edscera, etc., del cuerpo a causa de la relajaci\u00f3n de sus medios de fijaci\u00f3n, especialmente cuando sale a trav\u00e9s de un orificio natural o artificial.<br \/>\nProlapso uterino, Prolapso interior (Cistocele), Prolapso del intestino delgado (Enterocele), Prolapso posterior (Rectocele).<\/div><\/div>[vc_btn title=\u00bbM\u00e1s informaci\u00f3n\u00bb style=\u00bbgradient\u00bb link=\u00bburl:https%3A%2F%2Fwww.mallanetstechtextile.com%2Fes%2Fhealthcare%2Fpaciente%2Fcirugia-del-suelo-pelvico-femenino%2Fprolapsos%2F|||\u00bb css=\u00bb.vc_custom_1552647617772{padding-top: 35px !important;}\u00bb][\/vc_column][\/vc_row]<\/p>\n<\/div>","protected":false},"excerpt":{"rendered":"<p>[vc_row equal_height=\u00bbyes\u00bb css=\u00bb.vc_custom_1550768705279{margin-bottom: 35px !important;border-top-width: 1px !important;border-right-width: 1px !important;border-bottom-width: 1px !important;border-left-width: 1px !important;background-color: #f9f9f9 !important;border-left-color: #e5e5e5 !important;border-left-style: solid !important;border-right-color: #e5e5e5 !important;border-right-style: solid !important;border-top-color: #e5e5e5 !important;border-top-style: solid !important;border-bottom-color: #e5e5e5 !important;border-bottom-style: solid !important;}\u00bb][vc_column width=\u00bb1\/4&#8243;][vc_single_image image=\u00bb1723&#8243; img_size=\u00bbfull\u00bb alignment=\u00bbcenter\u00bb style=\u00bbvc_box_outline\u00bb onclick=\u00bbcustom_link\u00bb link=\u00bbhttps:\/\/www.mallanetstechtextile.com\/es\/healthcare\/paciente\/cirugia-del-suelo-pelvico-femenino\/incontinencia\/\u00bb][\/vc_column][vc_column width=\u00bb3\/4&#8243;][vc_btn title=\u00bbM\u00e1s informaci\u00f3n\u00bb style=\u00bbgradient\u00bb link=\u00bburl:https%3A%2F%2Fwww.mallanetstechtextile.com%2Fes%2Fhealthcare%2Fpaciente%2Fcirugia-del-suelo-pelvico-femenino%2Fincontinencia%2F|||\u00bb css=\u00bb.vc_custom_1552647600426{padding-top: 35px !important;}\u00bb][\/vc_column][\/vc_row][vc_row equal_height=\u00bbyes\u00bb css=\u00bb.vc_custom_1550768729279{border-top-width: 1px !important;border-right-width: 1px !important;border-bottom-width: 1px !important;border-left-width: 1px&hellip;<\/p>\n","protected":false},"author":1,"featured_media":0,"parent":56,"menu_order":0,"comment_status":"closed","ping_status":"closed","template":"","meta":{"footnotes":""},"class_list":["post-1368","page","type-page","status-publish","hentry","description-off"],"_links":{"self":[{"href":"https:\/\/www.mallanetstechtextile.com\/es\/wp-json\/wp\/v2\/pages\/1368","targetHints":{"allow":["GET"]}}],"collection":[{"href":"https:\/\/www.mallanetstechtextile.com\/es\/wp-json\/wp\/v2\/pages"}],"about":[{"href":"https:\/\/www.mallanetstechtextile.com\/es\/wp-json\/wp\/v2\/types\/page"}],"author":[{"embeddable":true,"href":"https:\/\/www.mallanetstechtextile.com\/es\/wp-json\/wp\/v2\/users\/1"}],"replies":[{"embeddable":true,"href":"https:\/\/www.mallanetstechtextile.com\/es\/wp-json\/wp\/v2\/comments?post=1368"}],"version-history":[{"count":23,"href":"https:\/\/www.mallanetstechtextile.com\/es\/wp-json\/wp\/v2\/pages\/1368\/revisions"}],"predecessor-version":[{"id":1936,"href":"https:\/\/www.mallanetstechtextile.com\/es\/wp-json\/wp\/v2\/pages\/1368\/revisions\/1936"}],"up":[{"embeddable":true,"href":"https:\/\/www.mallanetstechtextile.com\/es\/wp-json\/wp\/v2\/pages\/56"}],"wp:attachment":[{"href":"https:\/\/www.mallanetstechtextile.com\/es\/wp-json\/wp\/v2\/media?parent=1368"}],"curies":[{"name":"wp","href":"https:\/\/api.w.org\/{rel}","templated":true}]}}