{"id":1372,"date":"2019-02-14T15:18:16","date_gmt":"2019-02-14T15:18:16","guid":{"rendered":"https:\/\/www.mallanetstechtextile.com\/?page_id=1372"},"modified":"2024-01-15T16:10:02","modified_gmt":"2024-01-15T16:10:02","slug":"prolapsos","status":"publish","type":"page","link":"https:\/\/www.mallanetstechtextile.com\/es\/healthcare\/paciente\/cirugia-del-suelo-pelvico-femenino\/prolapsos\/","title":{"rendered":"Prolapsos"},"content":{"rendered":"<div class=\"wpb-content-wrapper\"><p>[vc_row equal_height=\u00bbyes\u00bb css=\u00bb.vc_custom_1550768829733{margin-bottom: 35px !important;border-top-width: 1px !important;border-right-width: 1px !important;border-bottom-width: 1px !important;border-left-width: 1px !important;background-color: #f9f9f9 !important;border-left-color: #e5e5e5 !important;border-left-style: solid !important;border-right-color: #e5e5e5 !important;border-right-style: solid !important;border-top-color: #e5e5e5 !important;border-top-style: solid !important;border-bottom-color: #e5e5e5 !important;border-bottom-style: solid !important;}\u00bb][vc_column width=\u00bb1\/4&#8243;][vc_single_image image=\u00bb1563&#8243; img_size=\u00bbfull\u00bb style=\u00bbvc_box_outline\u00bb onclick=\u00bbcustom_link\u00bb link=\u00bbhttps:\/\/www.mallanetstechtextile.com\/es\/healthcare\/paciente\/cirugia-del-suelo-pelvico-femenino\/prolapsos\/prolapso-uterino\/\u00bb][\/vc_column][vc_column width=\u00bb3\/4&#8243;]<div id=\"ultimate-heading-749469f47a69b5cc1\" class=\"uvc-heading ult-adjust-bottom-margin ultimate-heading-749469f47a69b5cc1 uvc-3474  uvc-heading-default-font-sizes\" data-hspacer=\"no_spacer\"  data-halign=\"left\" style=\"text-align:left\"><div class=\"uvc-heading-spacer no_spacer\" style=\"top\"><\/div><div class=\"uvc-main-heading ult-responsive\"  data-ultimate-target='.uvc-heading.ultimate-heading-749469f47a69b5cc1 h3'  data-responsive-json-new='{\"font-size\":\"\",\"line-height\":\"\"}' ><h3 style=\"font-family:&#039;Roboto&#039;;--font-weight:theme;margin-bottom:15px;\">Prolapso uterino<\/h3><\/div><div class=\"uvc-sub-heading ult-responsive\"  data-ultimate-target='.uvc-heading.ultimate-heading-749469f47a69b5cc1 .uvc-sub-heading '  data-responsive-json-new='{\"font-size\":\"\",\"line-height\":\"\"}'  style=\"font-family:&#039;Roboto&#039;;font-weight:300;\">El prolapso uterino ocurre cuando los m\u00fasculos y los ligamentos del suelo p\u00e9lvico se estiran y se debilitan, por lo que dejan de proporcionar un sost\u00e9n adecuado para el \u00fatero. En consecuencia, el \u00fatero se desliza hacia la vagina o sobresale de ella.<\/p>\n<p>El prolapso uterino puede afectar a mujeres de cualquier edad. Sin embargo, suele afectar a las mujeres posmenop\u00e1usicas que tuvieron uno o m\u00e1s partos vaginales.<\/p>\n<p>Por lo general, el prolapso uterino leve no requiere tratamiento. Sin embargo, si te hace sentir inc\u00f3moda o interfiere con tu vida normal, el tratamiento podr\u00eda ayudarte.<\/div><\/div>[vc_btn title=\u00bbM\u00e1s informaci\u00f3n\u00bb style=\u00bbgradient\u00bb link=\u00bburl:https%3A%2F%2Fwww.mallanetstechtextile.com%2Fes%2Fhealthcare%2Fpaciente%2Fcirugia-del-suelo-pelvico-femenino%2Fprolapsos%2Fprolapso-uterino%2F|||\u00bb][\/vc_column][\/vc_row][vc_row equal_height=\u00bbyes\u00bb css=\u00bb.vc_custom_1550768854994{margin-bottom: 35px !important;border-top-width: 1px !important;border-right-width: 1px !important;border-bottom-width: 1px !important;border-left-width: 1px !important;background-color: #f9f9f9 !important;border-left-color: #e5e5e5 !important;border-left-style: solid !important;border-right-color: #e5e5e5 !important;border-right-style: solid !important;border-top-color: #e5e5e5 !important;border-top-style: solid !important;border-bottom-color: #e5e5e5 !important;border-bottom-style: solid !important;}\u00bb][vc_column width=\u00bb1\/4&#8243;][vc_single_image image=\u00bb1559&#8243; img_size=\u00bbfull\u00bb style=\u00bbvc_box_outline\u00bb onclick=\u00bbcustom_link\u00bb link=\u00bbhttps:\/\/www.mallanetstechtextile.com\/es\/healthcare\/paciente\/cirugia-del-suelo-pelvico-femenino\/prolapsos\/cistocele\/\u00bb][\/vc_column][vc_column width=\u00bb3\/4&#8243;]<div id=\"ultimate-heading-432069f47a69b5d88\" class=\"uvc-heading ult-adjust-bottom-margin ultimate-heading-432069f47a69b5d88 uvc-4650  uvc-heading-default-font-sizes\" data-hspacer=\"no_spacer\"  data-halign=\"left\" style=\"text-align:left\"><div class=\"uvc-heading-spacer no_spacer\" style=\"top\"><\/div><div class=\"uvc-main-heading ult-responsive\"  data-ultimate-target='.uvc-heading.ultimate-heading-432069f47a69b5d88 h3'  data-responsive-json-new='{\"font-size\":\"\",\"line-height\":\"\"}' ><h3 style=\"font-family:&#039;Roboto&#039;;--font-weight:theme;margin-bottom:15px;\">Prolapso interior (Cistocele)<\/h3><\/div><div class=\"uvc-sub-heading ult-responsive\"  data-ultimate-target='.uvc-heading.ultimate-heading-432069f47a69b5d88 .uvc-sub-heading '  data-responsive-json-new='{\"font-size\":\"\",\"line-height\":\"\"}'  style=\"font-family:&#039;Roboto&#039;;font-weight:300;\">El prolapso anterior, tambi\u00e9n conocido como \u00abcistocele\u00bb, se produce cuando el tejido de sost\u00e9n entre la vejiga y la pared vaginal de una mujer se debilita y se estira, permitiendo que la vejiga sobresalga en la vagina. El prolapso anterior tambi\u00e9n se denomina \u00abvejiga prolapsada\u00bb.<\/p>\n<p>Distender los m\u00fasculos que sostienen los \u00f3rganos p\u00e9lvicos puede provocar el prolapso anterior. Tales distensiones se producen durante el parto vaginal o por estre\u00f1imiento cr\u00f3nico, tos fuerte o levantamiento pesado. El prolapso anterior tambi\u00e9n tiende a causar problemas despu\u00e9s de la menopausia, cuando los niveles de estr\u00f3geno disminuyen.<\/div><\/div>[vc_btn title=\u00bbM\u00e1s informaci\u00f3n\u00bb style=\u00bbgradient\u00bb link=\u00bburl:https%3A%2F%2Fwww.mallanetstechtextile.com%2Fes%2Fhealthcare%2Fpaciente%2Fcirugia-del-suelo-pelvico-femenino%2Fprolapsos%2Fcistocele%2F|||\u00bb][\/vc_column][\/vc_row][vc_row equal_height=\u00bbyes\u00bb css=\u00bb.vc_custom_1550768911065{margin-bottom: 35px !important;border-top-width: 1px !important;border-right-width: 1px !important;border-bottom-width: 1px !important;border-left-width: 1px !important;background-color: #f9f9f9 !important;border-left-color: #e5e5e5 !important;border-right-color: #e5e5e5 !important;border-top-color: #e5e5e5 !important;border-bottom-color: #e5e5e5 !important;}\u00bb][vc_column width=\u00bb1\/4&#8243;][vc_single_image image=\u00bb1565&#8243; img_size=\u00bbfull\u00bb style=\u00bbvc_box_outline\u00bb onclick=\u00bbcustom_link\u00bb link=\u00bbhttps:\/\/www.mallanetstechtextile.com\/es\/healthcare\/paciente\/cirugia-del-suelo-pelvico-femenino\/prolapsos\/prolapso-posterior-rectocele\/\u00bb][\/vc_column][vc_column width=\u00bb3\/4&#8243;]<div id=\"ultimate-heading-586169f47a69b5e07\" class=\"uvc-heading ult-adjust-bottom-margin ultimate-heading-586169f47a69b5e07 uvc-2604  uvc-heading-default-font-sizes\" data-hspacer=\"no_spacer\"  data-halign=\"left\" style=\"text-align:left\"><div class=\"uvc-heading-spacer no_spacer\" style=\"top\"><\/div><div class=\"uvc-main-heading ult-responsive\"  data-ultimate-target='.uvc-heading.ultimate-heading-586169f47a69b5e07 h3'  data-responsive-json-new='{\"font-size\":\"\",\"line-height\":\"\"}' ><h3 style=\"font-family:&#039;Roboto&#039;;--font-weight:theme;margin-bottom:15px;\">Prolapso posterior (Rectocele)<\/h3><\/div><div class=\"uvc-sub-heading ult-responsive\"  data-ultimate-target='.uvc-heading.ultimate-heading-586169f47a69b5e07 .uvc-sub-heading '  data-responsive-json-new='{\"font-size\":\"\",\"line-height\":\"\"}'  style=\"font-family:&#039;Roboto&#039;;font-weight:300;\">El prolapso de la pared vaginal posterior ocurre cuando se debilita la pared delgada de tejido que separa el recto de la vagina, lo que provoca que la pared vaginal sobresalga. El prolapso vaginal posterior tambi\u00e9n se denomina \u00abrectocele\u00bb.<\/p>\n<p>El parto y otros procesos que ejercen presi\u00f3n sobre los tejidos p\u00e9lvicos pueden provocar prolapso vaginal posterior. Es posible que un prolapso leve no cause signos ni s\u00edntomas.<\/div><\/div>[vc_btn title=\u00bbM\u00e1s informaci\u00f3n\u00bb style=\u00bbgradient\u00bb link=\u00bburl:https%3A%2F%2Fwww.mallanetstechtextile.com%2Fes%2Fhealthcare%2Fpaciente%2Fcirugia-del-suelo-pelvico-femenino%2Fprolapsos%2Fprolapso-posterior-rectocele%2F|||\u00bb][\/vc_column][\/vc_row]<\/p>\n<\/div>","protected":false},"excerpt":{"rendered":"<p>[vc_row equal_height=\u00bbyes\u00bb css=\u00bb.vc_custom_1550768829733{margin-bottom: 35px !important;border-top-width: 1px !important;border-right-width: 1px !important;border-bottom-width: 1px !important;border-left-width: 1px !important;background-color: #f9f9f9 !important;border-left-color: #e5e5e5 !important;border-left-style: solid !important;border-right-color: #e5e5e5 !important;border-right-style: solid !important;border-top-color: #e5e5e5 !important;border-top-style: solid !important;border-bottom-color: #e5e5e5 !important;border-bottom-style: solid !important;}\u00bb][vc_column width=\u00bb1\/4&#8243;][vc_single_image image=\u00bb1563&#8243; img_size=\u00bbfull\u00bb style=\u00bbvc_box_outline\u00bb onclick=\u00bbcustom_link\u00bb link=\u00bbhttps:\/\/www.mallanetstechtextile.com\/es\/healthcare\/paciente\/cirugia-del-suelo-pelvico-femenino\/prolapsos\/prolapso-uterino\/\u00bb][\/vc_column][vc_column width=\u00bb3\/4&#8243;][vc_btn title=\u00bbM\u00e1s informaci\u00f3n\u00bb style=\u00bbgradient\u00bb link=\u00bburl:https%3A%2F%2Fwww.mallanetstechtextile.com%2Fes%2Fhealthcare%2Fpaciente%2Fcirugia-del-suelo-pelvico-femenino%2Fprolapsos%2Fprolapso-uterino%2F|||\u00bb][\/vc_column][\/vc_row][vc_row equal_height=\u00bbyes\u00bb css=\u00bb.vc_custom_1550768854994{margin-bottom: 35px !important;border-top-width: 1px !important;border-right-width: 1px !important;border-bottom-width: 1px !important;border-left-width: 1px !important;background-color: #f9f9f9&hellip;<\/p>\n","protected":false},"author":1,"featured_media":0,"parent":1368,"menu_order":0,"comment_status":"closed","ping_status":"closed","template":"","meta":{"footnotes":""},"class_list":["post-1372","page","type-page","status-publish","hentry","description-off"],"_links":{"self":[{"href":"https:\/\/www.mallanetstechtextile.com\/es\/wp-json\/wp\/v2\/pages\/1372","targetHints":{"allow":["GET"]}}],"collection":[{"href":"https:\/\/www.mallanetstechtextile.com\/es\/wp-json\/wp\/v2\/pages"}],"about":[{"href":"https:\/\/www.mallanetstechtextile.com\/es\/wp-json\/wp\/v2\/types\/page"}],"author":[{"embeddable":true,"href":"https:\/\/www.mallanetstechtextile.com\/es\/wp-json\/wp\/v2\/users\/1"}],"replies":[{"embeddable":true,"href":"https:\/\/www.mallanetstechtextile.com\/es\/wp-json\/wp\/v2\/comments?post=1372"}],"version-history":[{"count":14,"href":"https:\/\/www.mallanetstechtextile.com\/es\/wp-json\/wp\/v2\/pages\/1372\/revisions"}],"predecessor-version":[{"id":2083,"href":"https:\/\/www.mallanetstechtextile.com\/es\/wp-json\/wp\/v2\/pages\/1372\/revisions\/2083"}],"up":[{"embeddable":true,"href":"https:\/\/www.mallanetstechtextile.com\/es\/wp-json\/wp\/v2\/pages\/1368"}],"wp:attachment":[{"href":"https:\/\/www.mallanetstechtextile.com\/es\/wp-json\/wp\/v2\/media?parent=1372"}],"curies":[{"name":"wp","href":"https:\/\/api.w.org\/{rel}","templated":true}]}}