{"id":1903,"date":"2019-03-06T15:50:00","date_gmt":"2019-03-06T15:50:00","guid":{"rendered":"https:\/\/www.mallanetstechtextile.com\/?page_id=1903"},"modified":"2019-03-06T16:01:41","modified_gmt":"2019-03-06T16:01:41","slug":"disclaimer-esp-2","status":"publish","type":"page","link":"https:\/\/www.mallanetstechtextile.com\/es\/disclaimer-esp-2\/","title":{"rendered":"Healthcare"},"content":{"rendered":"<div class=\"wpb-content-wrapper\"><p>[vc_row][vc_column width=\u00bb1\/2&#8243; css=\u00bb.vc_custom_1540470451686{padding-bottom: 55px !important;}\u00bb][vc_single_image image=\u00bb1306&#8243; img_size=\u00bbfull\u00bb alignment=\u00bbcenter\u00bb onclick=\u00bbcustom_link\u00bb link=\u00bbhttps:\/\/www.mallanetstechtextile.com\/es\/healthcare\/profesional\/\u00bb]<div id=\"ultimate-heading-388369e3f4aaa9951\" class=\"uvc-heading ult-adjust-bottom-margin ultimate-heading-388369e3f4aaa9951 uvc-4223  uvc-heading-default-font-sizes\" data-hspacer=\"no_spacer\"  data-halign=\"center\" style=\"text-align:center\"><div class=\"uvc-heading-spacer no_spacer\" style=\"top\"><\/div><div class=\"uvc-main-heading ult-responsive\"  data-ultimate-target='.uvc-heading.ultimate-heading-388369e3f4aaa9951 h2'  data-responsive-json-new='{\"font-size\":\"\",\"line-height\":\"\"}' ><h2 style=\"--font-weight:theme;\">Healthcare Professional<\/h2><\/div><div class=\"uvc-sub-heading ult-responsive\"  data-ultimate-target='.uvc-heading.ultimate-heading-388369e3f4aaa9951 .uvc-sub-heading '  data-responsive-json-new='{\"font-size\":\"\",\"line-height\":\"\"}'  style=\"font-family:&#039;Roboto&#039;;font-weight:300;\"><\/p>\n<div style=\"text-align: justify !important;\"><a style=\"text-decoration: none; color: #000;\" href=\"https:\/\/www.mallanetstechtextile.com\/es\/healthcare\/profesional\/\">Esta \u00e1rea est\u00e1 destinada exclusivamente a Medicos licenciados. Donde tendr\u00e1n una gu\u00eda informativa de nuestros productos implantables MallaNets en las Especialidades de Cirug\u00eda Digestiva, Ginecologia y Urologinecolog\u00eda.<\/a><\/div>\n<p><\/div><\/div>[\/vc_column][vc_column width=\u00bb1\/2&#8243;][vc_single_image image=\u00bb1038&#8243; img_size=\u00bbfull\u00bb alignment=\u00bbcenter\u00bb onclick=\u00bbcustom_link\u00bb link=\u00bbhttps:\/\/www.mallanetstechtextile.com\/es\/healthcare\/paciente\/\u00bb]<div id=\"ultimate-heading-121869e3f4aaa99e8\" class=\"uvc-heading ult-adjust-bottom-margin ultimate-heading-121869e3f4aaa99e8 uvc-2150  uvc-heading-default-font-sizes\" data-hspacer=\"no_spacer\"  data-halign=\"center\" style=\"text-align:center\"><div class=\"uvc-heading-spacer no_spacer\" style=\"top\"><\/div><div class=\"uvc-main-heading ult-responsive\"  data-ultimate-target='.uvc-heading.ultimate-heading-121869e3f4aaa99e8 h2'  data-responsive-json-new='{\"font-size\":\"\",\"line-height\":\"\"}' ><h2 style=\"--font-weight:theme;\">Healthcare Patient<\/h2><\/div><div class=\"uvc-sub-heading ult-responsive\"  data-ultimate-target='.uvc-heading.ultimate-heading-121869e3f4aaa99e8 .uvc-sub-heading '  data-responsive-json-new='{\"font-size\":\"\",\"line-height\":\"\"}'  style=\"font-family:&#039;Roboto&#039;;font-weight:300;\"><\/p>\n<div style=\"text-align: justify !important;\"><a style=\"text-decoration: none; color: #000;\" href=\"https:\/\/www.mallanetstechtextile.com\/es\/healthcare\/paciente\/\">Esta \u00e1rea est\u00e1 destinada a aportar informaci\u00f3n detallada sobre causas, consecuencias y soluciones de las Especialidades de Cirugia Digestiva, Ginecologia y Uroginecolog\u00eda en las patolog\u00edas de Hernia, Eventraci\u00f3n, Incontinencia de Esfuerzo y Prolapso.<\/a><\/div>\n<p><\/div><\/div>[\/vc_column][\/vc_row]<\/p>\n<\/div>","protected":false},"excerpt":{"rendered":"<p>[vc_row][vc_column width=\u00bb1\/2&#8243; css=\u00bb.vc_custom_1540470451686{padding-bottom: 55px !important;}\u00bb][vc_single_image image=\u00bb1306&#8243; img_size=\u00bbfull\u00bb alignment=\u00bbcenter\u00bb onclick=\u00bbcustom_link\u00bb link=\u00bbhttps:\/\/www.mallanetstechtextile.com\/es\/healthcare\/profesional\/\u00bb][\/vc_column][vc_column width=\u00bb1\/2&#8243;][vc_single_image image=\u00bb1038&#8243; img_size=\u00bbfull\u00bb alignment=\u00bbcenter\u00bb onclick=\u00bbcustom_link\u00bb link=\u00bbhttps:\/\/www.mallanetstechtextile.com\/es\/healthcare\/paciente\/\u00bb][\/vc_column][\/vc_row]<\/p>\n","protected":false},"author":1,"featured_media":0,"parent":0,"menu_order":0,"comment_status":"closed","ping_status":"closed","template":"","meta":{"footnotes":""},"class_list":["post-1903","page","type-page","status-publish","hentry","description-off"],"_links":{"self":[{"href":"https:\/\/www.mallanetstechtextile.com\/es\/wp-json\/wp\/v2\/pages\/1903","targetHints":{"allow":["GET"]}}],"collection":[{"href":"https:\/\/www.mallanetstechtextile.com\/es\/wp-json\/wp\/v2\/pages"}],"about":[{"href":"https:\/\/www.mallanetstechtextile.com\/es\/wp-json\/wp\/v2\/types\/page"}],"author":[{"embeddable":true,"href":"https:\/\/www.mallanetstechtextile.com\/es\/wp-json\/wp\/v2\/users\/1"}],"replies":[{"embeddable":true,"href":"https:\/\/www.mallanetstechtextile.com\/es\/wp-json\/wp\/v2\/comments?post=1903"}],"version-history":[{"count":6,"href":"https:\/\/www.mallanetstechtextile.com\/es\/wp-json\/wp\/v2\/pages\/1903\/revisions"}],"predecessor-version":[{"id":1913,"href":"https:\/\/www.mallanetstechtextile.com\/es\/wp-json\/wp\/v2\/pages\/1903\/revisions\/1913"}],"wp:attachment":[{"href":"https:\/\/www.mallanetstechtextile.com\/es\/wp-json\/wp\/v2\/media?parent=1903"}],"curies":[{"name":"wp","href":"https:\/\/api.w.org\/{rel}","templated":true}]}}