{"id":1932,"date":"2019-03-15T10:45:08","date_gmt":"2019-03-15T10:45:08","guid":{"rendered":"https:\/\/www.mallanetstechtextile.com\/?page_id=1932"},"modified":"2024-10-15T16:20:19","modified_gmt":"2024-10-15T15:20:19","slug":"politica-de-calidad","status":"publish","type":"page","link":"https:\/\/www.mallanetstechtextile.com\/es\/politica-de-calidad\/","title":{"rendered":"Pol\u00edtica de Calidad"},"content":{"rendered":"<div class=\"wpb-content-wrapper\"><p>[vc_row][vc_column][vc_column_text]1. MALLANETS, S.L. es una organizaci\u00f3n dedicada a la fabricaci\u00f3n, compraventa y distribuci\u00f3n de tejidos t\u00e9cnicos en general.<\/p>\n<p>&nbsp;<\/p>\n<p>2. Para seguir mejorando, la Alta Direcci\u00f3n de MALLANETS, S.L. ha tomado la decisi\u00f3n de establecer un Sistema de Gesti\u00f3n de la Calidad en la organizaci\u00f3n.<\/p>\n<p>&nbsp;<\/p>\n<p>3. La Alta Direcci\u00f3n de MALLANETS, S.L. cree necesario el desarrollo del concepto de la Calidad en la totalidad de sus procesos para lograr la satisfacci\u00f3n de los clientes y del entorno social en que opera. Esto conllevar\u00e1 el establecimiento de objetivos de la calidad para la mejora continua que deber\u00e1n lograrse con la contribuci\u00f3n del personal de la organizaci\u00f3n y de sus proveedores consiguiendo as\u00ed la competitividad de la misma en su \u00e1mbito de actuaci\u00f3n.<\/p>\n<p>&nbsp;<\/p>\n<p>4. Todo ello con el cumplimiento de la legislaci\u00f3n y reglamentaci\u00f3n que es aplicable a todos los proyectos que son gestionados en la organizaci\u00f3n.<\/p>\n<p>&nbsp;<\/p>\n<p>5. As\u00ed, la organizaci\u00f3n establece como prioridades:<\/p>\n<p>\u2022 Asegurar la satisfacci\u00f3n de los clientes atendiendo a sus necesidades y sus expectativas.<br \/>\n\u2022 Asegurar la satisfacci\u00f3n del personal propio, entendiendo que el concepto de Calidad no s\u00f3lo es externo, sino interno de la organizaci\u00f3n.<br \/>\n\u2022 Aportar formaci\u00f3n e informaci\u00f3n continua al personal y a los proveedores, para conseguir y mantener la Calidad como logro personal de cada miembro de la organizaci\u00f3n en su trabajo y en el de todos como equipo.<br \/>\n\u2022 Asegurar una Mejora continua y eficaz en la Gesti\u00f3n de los Procesos que se llevan a cabo en MALLANETS, S.L. a trav\u00e9s de la detecci\u00f3n, revisi\u00f3n y subsanaci\u00f3n de cualquier desviaci\u00f3n que ocurra a trav\u00e9s del desarrollo de las acciones correctivas y preventivas que correspondan.<br \/>\n\u2022 Asegurar la gesti\u00f3n de los riesgos y seguridad del paciente<\/p>\n<p class=\"x_MsoNormal\" style=\"text-align: right;\"><b>Fdo. Pedro Zamora Redondo<br \/>\n<\/b><b>30.07.2008<br \/>\n<\/b><b>\u00faltima revisi\u00f3n: 23.01.2024<\/b><\/p>\n<p>[\/vc_column_text][\/vc_column][\/vc_row]<\/p>\n<\/div>","protected":false},"excerpt":{"rendered":"<p>[vc_row][vc_column][vc_column_text]1. MALLANETS, S.L. es una organizaci\u00f3n dedicada a la fabricaci\u00f3n, compraventa y distribuci\u00f3n de tejidos t\u00e9cnicos en general. &nbsp; 2. Para seguir mejorando, la Alta Direcci\u00f3n de MALLANETS, S.L. ha tomado la decisi\u00f3n de establecer un Sistema de Gesti\u00f3n de la Calidad en la organizaci\u00f3n. &nbsp; 3. La Alta Direcci\u00f3n de MALLANETS, S.L. cree necesario&hellip;<\/p>\n","protected":false},"author":1,"featured_media":0,"parent":0,"menu_order":0,"comment_status":"closed","ping_status":"closed","template":"","meta":{"footnotes":""},"class_list":["post-1932","page","type-page","status-publish","hentry","description-off"],"_links":{"self":[{"href":"https:\/\/www.mallanetstechtextile.com\/es\/wp-json\/wp\/v2\/pages\/1932","targetHints":{"allow":["GET"]}}],"collection":[{"href":"https:\/\/www.mallanetstechtextile.com\/es\/wp-json\/wp\/v2\/pages"}],"about":[{"href":"https:\/\/www.mallanetstechtextile.com\/es\/wp-json\/wp\/v2\/types\/page"}],"author":[{"embeddable":true,"href":"https:\/\/www.mallanetstechtextile.com\/es\/wp-json\/wp\/v2\/users\/1"}],"replies":[{"embeddable":true,"href":"https:\/\/www.mallanetstechtextile.com\/es\/wp-json\/wp\/v2\/comments?post=1932"}],"version-history":[{"count":5,"href":"https:\/\/www.mallanetstechtextile.com\/es\/wp-json\/wp\/v2\/pages\/1932\/revisions"}],"predecessor-version":[{"id":2105,"href":"https:\/\/www.mallanetstechtextile.com\/es\/wp-json\/wp\/v2\/pages\/1932\/revisions\/2105"}],"wp:attachment":[{"href":"https:\/\/www.mallanetstechtextile.com\/es\/wp-json\/wp\/v2\/media?parent=1932"}],"curies":[{"name":"wp","href":"https:\/\/api.w.org\/{rel}","templated":true}]}}