{"id":1990,"date":"2020-07-09T14:30:24","date_gmt":"2020-07-09T14:30:24","guid":{"rendered":"https:\/\/www.mallanetstechtextile.com\/?page_id=1990"},"modified":"2025-06-12T13:14:34","modified_gmt":"2025-06-12T11:14:34","slug":"aviso-legal","status":"publish","type":"page","link":"https:\/\/www.mallanetstechtextile.com\/es\/aviso-legal\/","title":{"rendered":"Aviso Legal"},"content":{"rendered":"<div class=\"wpb-content-wrapper\"><p>[vc_row][vc_column][vc_column_text css=\u00bb\u00bb]En cumplimiento de la Ley 34\/2002, con \u00faltima actualizaci\u00f3n, 09\/05\/2023, de servicios de la sociedad de la informaci\u00f3n y de comercio electr\u00f3nico, <strong>MALLANETS SLU<\/strong><strong>,<\/strong> le informa que es titular de los sitios web: <strong>www.mallanetstechtextile.com<\/strong><strong>. \u00a0<\/strong>De acuerdo con la exigencia del art\u00edculo 10 de la mencionada Ley, notifica los siguientes datos: NIF\/CIF, <strong>B17712480<\/strong><strong>,<\/strong> Registro Mercantil de <strong>BARCELONA<\/strong><strong>, <\/strong>Tomo: <strong>43174<\/strong><strong>,<\/strong> Folio: <strong>94, S8<\/strong><strong>, <\/strong>Hoja: <strong>B-425272 <\/strong>y domicilio social: <strong>TECNOLOGIA 102 PGE B, 3-5 -P.I. LLINARS PARK-. 08450, LLINARS DEL VALL\u00c8S (BARCELONA)<\/strong>. La direcci\u00f3n de correo electr\u00f3nico de contacto con la empresa es: <u>info@mallanets.com<\/u>.<\/p>\n<ol>\n<li><strong><u>USUARIO Y R\u00c9GIMEN DE RESPONSABILIDADES<\/u><\/strong><\/li>\n<\/ol>\n<p>&nbsp;<\/p>\n<p>La navegaci\u00f3n por acceso o uso de la p\u00e1gina web\u00a0 y todos los subdominios y directorios incluidos bajo el mismo dominio, as\u00ed como los servicios o contenidos que a trav\u00e9s de \u00e9l se puedan obtener y todos los portales de dominio propio bajo titularidad de <strong>MALLANETS SLU<\/strong>, otorga la condici\u00f3n de <strong>Usuario<\/strong>, por la que se aceptan, al navegar por la p\u00e1gina web de <strong>MALLANETS SLU<\/strong>, todas las condiciones de uso que se establecen sin perjudicar la aplicaci\u00f3n de la correspondiente normativa de obligado cumplimiento legal seg\u00fan el caso.<\/p>\n<p>&nbsp;<\/p>\n<p>Por eso, si las consideraciones detalladas en este aviso legal no son de su conformidad, rogamos no haga uso del portal, ya que cualquier uso que haga del mismo o los servicios y contenidos en \u00e9l incluidos implicar\u00e1 la aceptaci\u00f3n de los t\u00e9rminos legales recogidos en este texto.<\/p>\n<p>La p\u00e1gina web de <strong>MALLANETS SLU<\/strong><strong>,<\/strong> proporciona gran diversidad de informaci\u00f3n, servicios y datos. El usuario asume su responsabilidad en el uso correcto de los sitios web. Esta responsabilidad se extender\u00e1 a: La veracidad y licitud de las informaciones aportadas por el usuario en los formularios de registro y contacto de <strong>MALLANETS SLU<\/strong><strong>,<\/strong> para acceder a determinados contenidos o servicios ofrecidos por la web.<\/p>\n<p>El uso de la informaci\u00f3n, servicios y datos ofrecidos por, <strong>MALLANETS SLU <\/strong>no ir\u00e1n contra las disposiciones de estas cl\u00e1usulas, la Ley, la moral, las buenas costumbres o el orden p\u00fablico que puedan suponer lesi\u00f3n de los derechos de terceros o del funcionamiento de los sitios web. A tal efecto, el Usuario se abstendr\u00e1 de utilizar cualquiera de los contenidos con fines il\u00edcitos y \u00a0prohibidos en este texto, lesivos de los derechos e intereses de terceros, o que de cualquier forma puedan da\u00f1ar, inutilizar, sobrecargar, deteriorar o impedir la normal utilizaci\u00f3n de los contenidos, de otros Usuarios o de cualquier usuario de Internet (hardware y software).<\/p>\n<p>Los usuarios responder\u00e1n de los da\u00f1os y perjuicios de toda naturaleza que la entidad propietaria de la web pueda sufrir, directa o indirectamente, como consecuencia de incumplimiento de cualquiera de las obligaciones derivadas del uso de la Web y de esta pol\u00edtica de privacidad.<\/p>\n<p>En particular, y a t\u00edtulo meramente indicativo y no exhaustivo, el Usuario se compromete a no transmitir, difundir o poner a disposici\u00f3n de terceros informaciones, datos, contenidos, mensajes, gr\u00e1ficos, dibujos, archivos de sonido y\/o imagen, fotograf\u00edas de esta web.[\/vc_column_text][\/vc_column][\/vc_row]<\/p>\n<\/div>","protected":false},"excerpt":{"rendered":"<p>[vc_row][vc_column][vc_column_text css=\u00bb\u00bb]En cumplimiento de la Ley 34\/2002, con \u00faltima actualizaci\u00f3n, 09\/05\/2023, de servicios de la sociedad de la informaci\u00f3n y de comercio electr\u00f3nico, MALLANETS SLU, le informa que es titular de los sitios web: www.mallanetstechtextile.com. \u00a0De acuerdo con la exigencia del art\u00edculo 10 de la mencionada Ley, notifica los siguientes datos: NIF\/CIF, B17712480, Registro Mercantil&hellip;<\/p>\n","protected":false},"author":1,"featured_media":0,"parent":0,"menu_order":0,"comment_status":"closed","ping_status":"closed","template":"","meta":{"footnotes":""},"class_list":["post-1990","page","type-page","status-publish","hentry","description-off"],"_links":{"self":[{"href":"https:\/\/www.mallanetstechtextile.com\/es\/wp-json\/wp\/v2\/pages\/1990","targetHints":{"allow":["GET"]}}],"collection":[{"href":"https:\/\/www.mallanetstechtextile.com\/es\/wp-json\/wp\/v2\/pages"}],"about":[{"href":"https:\/\/www.mallanetstechtextile.com\/es\/wp-json\/wp\/v2\/types\/page"}],"author":[{"embeddable":true,"href":"https:\/\/www.mallanetstechtextile.com\/es\/wp-json\/wp\/v2\/users\/1"}],"replies":[{"embeddable":true,"href":"https:\/\/www.mallanetstechtextile.com\/es\/wp-json\/wp\/v2\/comments?post=1990"}],"version-history":[{"count":6,"href":"https:\/\/www.mallanetstechtextile.com\/es\/wp-json\/wp\/v2\/pages\/1990\/revisions"}],"predecessor-version":[{"id":2156,"href":"https:\/\/www.mallanetstechtextile.com\/es\/wp-json\/wp\/v2\/pages\/1990\/revisions\/2156"}],"wp:attachment":[{"href":"https:\/\/www.mallanetstechtextile.com\/es\/wp-json\/wp\/v2\/media?parent=1990"}],"curies":[{"name":"wp","href":"https:\/\/api.w.org\/{rel}","templated":true}]}}