{"id":58,"date":"2018-10-19T12:00:27","date_gmt":"2018-10-19T12:00:27","guid":{"rendered":"http:\/\/localhost\/MTT\/?page_id=58"},"modified":"2019-03-01T08:45:25","modified_gmt":"2019-03-01T08:45:25","slug":"hernia","status":"publish","type":"page","link":"https:\/\/www.mallanetstechtextile.com\/es\/healthcare\/paciente\/cirugia-general-y-del-aparato-digestivo\/hernia\/","title":{"rendered":"Hernia"},"content":{"rendered":"<div class=\"wpb-content-wrapper\"><p>[vc_row][vc_column width=\u00bb1\/2&#8243;]<div id=\"ultimate-heading-561569e1df3158d16\" class=\"uvc-heading ult-adjust-bottom-margin ultimate-heading-561569e1df3158d16 uvc-5997  uvc-heading-default-font-sizes\" data-hspacer=\"no_spacer\"  data-halign=\"left\" style=\"text-align:left\"><div class=\"uvc-heading-spacer no_spacer\" style=\"top\"><\/div><div class=\"uvc-main-heading ult-responsive\"  data-ultimate-target='.uvc-heading.ultimate-heading-561569e1df3158d16 h3'  data-responsive-json-new='{\"font-size\":\"\",\"line-height\":\"\"}' ><h3 style=\"font-family:&#039;Roboto&#039;;--font-weight:theme;margin-bottom:35px;\">\u00bfQu\u00e9 son las hernias?<\/h3><\/div><div class=\"uvc-sub-heading ult-responsive\"  data-ultimate-target='.uvc-heading.ultimate-heading-561569e1df3158d16 .uvc-sub-heading '  data-responsive-json-new='{\"font-size\":\"\",\"line-height\":\"\"}'  style=\"font-family:&#039;Roboto&#039;;font-weight:300;\"><\/p>\n<p style=\"text-align: justify;\">Una hernia consiste en una protrusi\u00f3n de las v\u00edsceras de la cavidad abdominal, que se salen a trav\u00e9s de un orificio existente en las capas que soportan dicha cavidad. Puede ser cong\u00e9nita o desarrollarse a lo largo de la vida. As\u00ed, por ejemplo, un trabajo f\u00edsico intenso, el aumento de la presi\u00f3n sobre la cavidad abdominal, la tos cr\u00f3nica o un exceso de presi\u00f3n debido al estre\u00f1imiento cr\u00f3nico pueden provocar la aparici\u00f3n de una hernia. Cuando las hernias son peque\u00f1as, al principio los pacientes notan con frecuencia dolores en forma de tir\u00f3n que aparecen sobre todo durante un esfuerzo o en situaciones de carga. A medida que la lesi\u00f3n evoluciona, puede producirse una hinchaz\u00f3n visible que se siente como un bulto bajo la piel. Esta protrusi\u00f3n surge cuando partes del intestino rompen las capas musculares que rodean la pared abdominal por todos lados. Aunque aproximadamente tres de cada cuatro hernias afectan a la ingle, no se limitan a esta regi\u00f3n del cuerpo. La llamada hernia umbilical es la segunda hernia m\u00e1s frecuente de la pared abdominal. En este caso, se forma una protuberancia en el ombligo con el saco herniario inferior hacia fuera. Tras una intervenci\u00f3n abdominal con apertura de la pared abdominal, la cicatriz implica un debilitamiento de la capa muscular. La llamada hernia incisional es una complicaci\u00f3n frecuente despu\u00e9s de las intervenciones citadas y afecta aproximadamente a uno de cada 10 pacientes. En este caso, se produce una protrusi\u00f3n del tejido.<\/p>\n<p><\/div><\/div><div id=\"ultimate-heading-546469e1df3158dbe\" class=\"uvc-heading ult-adjust-bottom-margin ultimate-heading-546469e1df3158dbe uvc-3692  uvc-heading-default-font-sizes\" data-hspacer=\"no_spacer\"  data-halign=\"left\" style=\"text-align:left\"><div class=\"uvc-heading-spacer no_spacer\" style=\"top\"><\/div><div class=\"uvc-main-heading ult-responsive\"  data-ultimate-target='.uvc-heading.ultimate-heading-546469e1df3158dbe h3'  data-responsive-json-new='{\"font-size\":\"\",\"line-height\":\"\"}' ><h3 style=\"font-family:&#039;Roboto&#039;;--font-weight:theme;margin-bottom:15px;\">\u00bfQu\u00e9 riesgos entra\u00f1an las hernias?<\/h3><\/div><div class=\"uvc-sub-heading ult-responsive\"  data-ultimate-target='.uvc-heading.ultimate-heading-546469e1df3158dbe .uvc-sub-heading '  data-responsive-json-new='{\"font-size\":\"\",\"line-height\":\"\"}'  style=\"font-family:&#039;Roboto&#039;;font-weight:300;\"><\/p>\n<p style=\"text-align: justify;\">Mientras sea posible volver a empujar el saco herniario hacia su lugar, muchas personas viven con esta alteraci\u00f3n, con frecuencia por miedo a someterse a una intervenci\u00f3n quir\u00fargica. No obstante, una hernia no retrocede nunca por s\u00ed misma. Al contrario: con cada nueva rotura, la apertura de la hernia se hace m\u00e1s grande y las molestias aumentan. Si las asas intestinales que se han desplazado hacia el saco herniario quedan estranguladas en este punto y no se produce el recambio sangu\u00edneo necesario, puede producirse un atrapamiento de ciertos \u00f3rganos, una necrosis de los tejidos o una obstrucci\u00f3n intestinal, lo que, en el peor de los casos, puede poner en peligro la vida del paciente. As\u00ed pues, las personas que tengan una hernia deben acudir indefectiblemente a un m\u00e9dico especialista para iniciar a tiempo el tratamiento que proceda.<\/p>\n<p><\/div><\/div>[\/vc_column][vc_column width=\u00bb1\/2&#8243;][vc_single_image image=\u00bb1063&#8243; img_size=\u00bbfull\u00bb alignment=\u00bbcenter\u00bb style=\u00bbvc_box_outline\u00bb image_hovers=\u00bbfalse\u00bb][\/vc_column][\/vc_row][vc_row css=\u00bb.vc_custom_1550748250278{margin-bottom: 15px !important;padding-top: 15px !important;}\u00bb][vc_column width=\u00bb1\/2&#8243;]<div id=\"ultimate-heading-181169e1df3158e46\" class=\"uvc-heading ult-adjust-bottom-margin ultimate-heading-181169e1df3158e46 uvc-8630  uvc-heading-default-font-sizes\" data-hspacer=\"no_spacer\"  data-halign=\"left\" style=\"text-align:left\"><div class=\"uvc-heading-spacer no_spacer\" style=\"top\"><\/div><div class=\"uvc-main-heading ult-responsive\"  data-ultimate-target='.uvc-heading.ultimate-heading-181169e1df3158e46 h3'  data-responsive-json-new='{\"font-size\":\"\",\"line-height\":\"\"}' ><h3 style=\"font-family:&#039;Roboto&#039;;--font-weight:theme;margin-bottom:15px;\">Diagn\u00f3stico de las hernias<\/h3><\/div><div class=\"uvc-sub-heading ult-responsive\"  data-ultimate-target='.uvc-heading.ultimate-heading-181169e1df3158e46 .uvc-sub-heading '  data-responsive-json-new='{\"font-size\":\"\",\"line-height\":\"\"}'  style=\"font-family:&#039;Roboto&#039;;font-weight:300;\"><\/p>\n<p style=\"text-align: justify;\">Por regla general, si la hernia incisional, umbilical o de la pared abdominal es m\u00e1s o menos grande, puede detectarse con una simple exploraci\u00f3n f\u00edsica. Para ello, el m\u00e9dico le pide al paciente que tense la musculatura abdominal y que tosa o presione, de manera que sea posible palpar mejor el punto en el que se encuentra la hernia y determinar la posici\u00f3n exacta de la misma. La ecograf\u00eda resulta necesaria sobre todo en el caso de hernias m\u00e1s peque\u00f1as que no pueden detectarse a primera vista. Adem\u00e1s, la utilizaci\u00f3n de ultrasonidos permite comprobar si las partes del intestino del saco herniario reciben un adecuado suministro de sangre y si el contenido del intestino sigue movi\u00e9ndose normalmente.<\/p>\n<p><\/div><\/div>[\/vc_column][vc_column width=\u00bb1\/2&#8243;][vc_single_image image=\u00bb1051&#8243; img_size=\u00bbfull\u00bb alignment=\u00bbcenter\u00bb style=\u00bbvc_box_outline\u00bb][\/vc_column][\/vc_row][vc_row][vc_column]<div id=\"ultimate-heading-677769e1df3158eb2\" class=\"uvc-heading ult-adjust-bottom-margin ultimate-heading-677769e1df3158eb2 uvc-3720  uvc-heading-default-font-sizes\" data-hspacer=\"no_spacer\"  data-halign=\"left\" style=\"text-align:left\"><div class=\"uvc-heading-spacer no_spacer\" style=\"top\"><\/div><div class=\"uvc-main-heading ult-responsive\"  data-ultimate-target='.uvc-heading.ultimate-heading-677769e1df3158eb2 h3'  data-responsive-json-new='{\"font-size\":\"\",\"line-height\":\"\"}' ><h3 style=\"font-family:&#039;Roboto&#039;;font-weight:normal;font-style:normal;\">La curaci\u00f3n solo es posible mediante una intervenci\u00f3n quir\u00fargica<\/h3><\/div><\/div>[vc_row_inner][vc_column_inner width=\u00bb1\/2&#8243;]<div id=\"ultimate-heading-354269e1df3158f0b\" class=\"uvc-heading ult-adjust-bottom-margin ultimate-heading-354269e1df3158f0b uvc-9337  uvc-heading-default-font-sizes\" data-hspacer=\"no_spacer\"  data-halign=\"center\" style=\"text-align:center\"><div class=\"uvc-heading-spacer no_spacer\" style=\"top\"><\/div><div class=\"uvc-sub-heading ult-responsive\"  data-ultimate-target='.uvc-heading.ultimate-heading-354269e1df3158f0b .uvc-sub-heading '  data-responsive-json-new='{\"font-size\":\"\",\"line-height\":\"\"}'  style=\"font-family:&#039;Roboto&#039;;font-weight:300;\"><\/p>\n<p style=\"text-align: justify;\">No existe ning\u00fan tratamiento no quir\u00fargico para tratar correctamente una hernia. La \u00fanica posibilidad de curaci\u00f3n consiste en cerrar la apertura de la hernia mediante una intervenci\u00f3n quir\u00fargica. Existen dos v\u00edas de abordaje:<br \/>\nLas hernias se pueden reparar con la t\u00e9cnica abierta. Para ello, la hernia se deja expuesta a trav\u00e9s de una incisi\u00f3n en la piel de aproximadamente 15 a 20 cm de longitud y se cierra sin tensi\u00f3n mediante mallas sint\u00e9ticas especiales, lo que acorta el tiempo hasta que el paciente recupera su capacidad completa despu\u00e9s de la operaci\u00f3n. De hecho, por regla general, los pacientes pueden reanudar una vida activa en unos cuantos d\u00edas. Adem\u00e1s, el peligro de una nueva rotura disminuye considerablemente al usar mallas sint\u00e9ticas.<\/p>\n<p><\/div><\/div>[vc_single_image image=\u00bb1054&#8243; img_size=\u00bbfull\u00bb alignment=\u00bbcenter\u00bb style=\u00bbvc_box_outline\u00bb][\/vc_column_inner][vc_column_inner width=\u00bb1\/2&#8243;]<div id=\"ultimate-heading-824369e1df3158f53\" class=\"uvc-heading ult-adjust-bottom-margin ultimate-heading-824369e1df3158f53 uvc-8776  uvc-heading-default-font-sizes\" data-hspacer=\"no_spacer\"  data-halign=\"center\" style=\"text-align:center\"><div class=\"uvc-heading-spacer no_spacer\" style=\"top\"><\/div><div class=\"uvc-sub-heading ult-responsive\"  data-ultimate-target='.uvc-heading.ultimate-heading-824369e1df3158f53 .uvc-sub-heading '  data-responsive-json-new='{\"font-size\":\"\",\"line-height\":\"\"}'  style=\"font-family:&#039;Roboto&#039;;font-weight:300;\"><\/p>\n<p style=\"text-align: justify;\">En la t\u00e9cnica quir\u00fargica m\u00ednimamente invasiva, una peque\u00f1a c\u00e1mara y el instrumental correspondiente se introducen a trav\u00e9s de incisiones \u00ednfimas en la pared abdominal. Adem\u00e1s de reducir el dolor y deja cicatrices m\u00e1s peque\u00f1as. El paciente puede retomar su rutina diaria m\u00e1s r\u00e1pidamente.<\/p>\n<p><\/div><\/div>[vc_single_image image=\u00bb1057&#8243; img_size=\u00bbfull\u00bb alignment=\u00bbcenter\u00bb style=\u00bbvc_box_outline\u00bb][\/vc_column_inner][\/vc_row_inner][\/vc_column][\/vc_row][vc_row css=\u00bb.vc_custom_1550748393093{margin-bottom: 15px !important;padding-top: 15px !important;}\u00bb][vc_column width=\u00bb1\/2&#8243;]<div id=\"ultimate-heading-687469e1df3158f97\" class=\"uvc-heading ult-adjust-bottom-margin ultimate-heading-687469e1df3158f97 uvc-2385  uvc-heading-default-font-sizes\" data-hspacer=\"no_spacer\"  data-halign=\"left\" style=\"text-align:left\"><div class=\"uvc-heading-spacer no_spacer\" style=\"top\"><\/div><div class=\"uvc-main-heading ult-responsive\"  data-ultimate-target='.uvc-heading.ultimate-heading-687469e1df3158f97 h3'  data-responsive-json-new='{\"font-size\":\"\",\"line-height\":\"\"}' ><h3 style=\"font-family:&#039;Roboto&#039;;--font-weight:theme;margin-bottom:15px;\">Ventajas de implantar una malla<\/h3><\/div><div class=\"uvc-sub-heading ult-responsive\"  data-ultimate-target='.uvc-heading.ultimate-heading-687469e1df3158f97 .uvc-sub-heading '  data-responsive-json-new='{\"font-size\":\"\",\"line-height\":\"\"}'  style=\"font-family:&#039;Roboto&#039;;font-weight:300;\"><\/p>\n<p style=\"text-align: justify;\">Si el orificio herniario se cierra con una sutura, existe un riesgo de aproximadamente el 50% de que se produzca una nueva rotura, puesto que la costura est\u00e1 sometida a un nivel de tensi\u00f3n considerable. Sin embargo, el implante de una malla sint\u00e9tica reduce a un m\u00ednimo este riesgo, puesto que cierra la hernia sin tensi\u00f3n y aporta una estabilidad adicional.<\/p>\n<p style=\"text-align: justify;\">En este punto, la selecci\u00f3n de la malla adecuada es un factor decisivo para el \u00e9xito de la intervenci\u00f3n. Las mallas modernas se comportan como la pared abdominal sana. A pesar de su extremada resistencia a la rotura, permanecen el\u00e1sticas y participan en todos los movimientos. Por su parte, el gran tama\u00f1o de los poros garantiza que el tejido del propio cuerpo pueda acomodarse para crear una uni\u00f3n estable entre el cuerpo y la malla.<\/p>\n<p><\/div><\/div>[\/vc_column][vc_column width=\u00bb1\/2&#8243;][vc_single_image image=\u00bb1069&#8243; img_size=\u00bbfull\u00bb alignment=\u00bbcenter\u00bb style=\u00bbvc_box_outline\u00bb][\/vc_column][\/vc_row][vc_row css=\u00bb.vc_custom_1550748400237{margin-bottom: 15px !important;padding-top: 15px !important;}\u00bb][vc_column]<div id=\"ultimate-heading-400969e1df3158ff3\" class=\"uvc-heading ult-adjust-bottom-margin ultimate-heading-400969e1df3158ff3 uvc-2965  uvc-heading-default-font-sizes\" data-hspacer=\"no_spacer\"  data-halign=\"left\" style=\"text-align:left\"><div class=\"uvc-heading-spacer no_spacer\" style=\"top\"><\/div><div class=\"uvc-main-heading ult-responsive\"  data-ultimate-target='.uvc-heading.ultimate-heading-400969e1df3158ff3 h3'  data-responsive-json-new='{\"font-size\":\"\",\"line-height\":\"\"}' ><h3 style=\"font-family:&#039;Roboto&#039;;--font-weight:theme;margin-bottom:15px;\">\u00bfQu\u00e9 tipo de hernias hay?<\/h3><\/div><div class=\"uvc-sub-heading ult-responsive\"  data-ultimate-target='.uvc-heading.ultimate-heading-400969e1df3158ff3 .uvc-sub-heading '  data-responsive-json-new='{\"font-size\":\"\",\"line-height\":\"\"}'  style=\"font-family:&#039;Roboto&#039;;font-weight:300;\"><\/p>\n<p style=\"text-align: left;\">El tipo de hernia que usted tenga depende de su ubicaci\u00f3n:<br \/>\n<strong>Hernia femoral:<\/strong> es una protuberancia en la parte superior del muslo, justo debajo de la ingle. Este tipo es m\u00e1s com\u00fan en las mujeres que en los hombres.<\/p>\n<p style=\"text-align: left;\"><strong>Hernia hiato:<\/strong> se presenta en la parte superior del est\u00f3mago. Una porci\u00f3n de la parte superior del est\u00f3mago se adentra en el t\u00f3rax.<\/p>\n<p style=\"text-align: left;\"><strong>Hernia quir\u00fargica o eventraci\u00f3n:<\/strong> puede darse a trav\u00e9s de una cicatriz si usted ha tenido una cirug\u00eda abdominal en el pasado.<\/p>\n<p style=\"text-align: left;\"><strong>Hernia umbilical:<\/strong> es una protuberancia alrededor del ombligo. Sucede cuando el m\u00fasculo alrededor del ombligo no se cierra completamente.<\/p>\n<p style=\"text-align: left;\"><strong>Hernia inguinal:<\/strong> es una protuberancia en la ingle. Este tipo es m\u00e1s com\u00fan en los hombres. Puede bajar hasta el escroto.<\/p>\n<p><\/div><\/div><div id=\"ultimate-heading-990469e1df3159050\" class=\"uvc-heading ult-adjust-bottom-margin ultimate-heading-990469e1df3159050 uvc-371  uvc-heading-default-font-sizes\" data-hspacer=\"no_spacer\"  data-halign=\"left\" style=\"text-align:left\"><div class=\"uvc-heading-spacer no_spacer\" style=\"top\"><\/div><div class=\"uvc-main-heading ult-responsive\"  data-ultimate-target='.uvc-heading.ultimate-heading-990469e1df3159050 h3'  data-responsive-json-new='{\"font-size\":\"\",\"line-height\":\"\"}' ><h3 style=\"font-family:&#039;Roboto&#039;;--font-weight:theme;margin-top:35px;margin-bottom:15px;\">Causas<\/h3><\/div><div class=\"uvc-sub-heading ult-responsive\"  data-ultimate-target='.uvc-heading.ultimate-heading-990469e1df3159050 .uvc-sub-heading '  data-responsive-json-new='{\"font-size\":\"\",\"line-height\":\"\"}'  style=\"font-family:&#039;Roboto&#039;;font-weight:300;\"><\/p>\n<p style=\"text-align: justify;\">Generalmente no hay s\u00edntomas. Algunas personas tienen molestia o dolor. La molestia puede ser peor al pararse, hacer esfuerzo o levantar objetos pesados. Tarde o temprano, la queja m\u00e1s com\u00fan es una protuberancia que es sensible y est\u00e1 creciendo.<br \/>\nCuando una hernia se agranda, se puede atascar dentro del orificio y perder su riego sangu\u00edneo, lo cual se denomina estrangulaci\u00f3n. Los s\u00edntomas incluyen n\u00e1useas y v\u00f3mitos y no ser capaz de eliminar gases o tener evacuaciones intestinales. Cuando esto suceda, se necesita una cirug\u00eda urgente.<\/p>\n<p><\/div><\/div>[\/vc_column][\/vc_row]<\/p>\n<\/div>","protected":false},"excerpt":{"rendered":"<p>[vc_row][vc_column width=\u00bb1\/2&#8243;][\/vc_column][vc_column width=\u00bb1\/2&#8243;][vc_single_image image=\u00bb1063&#8243; img_size=\u00bbfull\u00bb alignment=\u00bbcenter\u00bb style=\u00bbvc_box_outline\u00bb image_hovers=\u00bbfalse\u00bb][\/vc_column][\/vc_row][vc_row css=\u00bb.vc_custom_1550748250278{margin-bottom: 15px !important;padding-top: 15px !important;}\u00bb][vc_column width=\u00bb1\/2&#8243;][\/vc_column][vc_column width=\u00bb1\/2&#8243;][vc_single_image image=\u00bb1051&#8243; img_size=\u00bbfull\u00bb alignment=\u00bbcenter\u00bb style=\u00bbvc_box_outline\u00bb][\/vc_column][\/vc_row][vc_row][vc_column][vc_row_inner][vc_column_inner width=\u00bb1\/2&#8243;][vc_single_image image=\u00bb1054&#8243; img_size=\u00bbfull\u00bb alignment=\u00bbcenter\u00bb style=\u00bbvc_box_outline\u00bb][\/vc_column_inner][vc_column_inner width=\u00bb1\/2&#8243;][vc_single_image image=\u00bb1057&#8243; img_size=\u00bbfull\u00bb alignment=\u00bbcenter\u00bb style=\u00bbvc_box_outline\u00bb][\/vc_column_inner][\/vc_row_inner][\/vc_column][\/vc_row][vc_row css=\u00bb.vc_custom_1550748393093{margin-bottom: 15px !important;padding-top: 15px !important;}\u00bb][vc_column width=\u00bb1\/2&#8243;][\/vc_column][vc_column width=\u00bb1\/2&#8243;][vc_single_image image=\u00bb1069&#8243; img_size=\u00bbfull\u00bb alignment=\u00bbcenter\u00bb style=\u00bbvc_box_outline\u00bb][\/vc_column][\/vc_row][vc_row css=\u00bb.vc_custom_1550748400237{margin-bottom: 15px !important;padding-top: 15px !important;}\u00bb][vc_column][\/vc_column][\/vc_row]<\/p>\n","protected":false},"author":1,"featured_media":0,"parent":1370,"menu_order":0,"comment_status":"closed","ping_status":"closed","template":"","meta":{"footnotes":""},"class_list":["post-58","page","type-page","status-publish","hentry","description-off"],"_links":{"self":[{"href":"https:\/\/www.mallanetstechtextile.com\/es\/wp-json\/wp\/v2\/pages\/58","targetHints":{"allow":["GET"]}}],"collection":[{"href":"https:\/\/www.mallanetstechtextile.com\/es\/wp-json\/wp\/v2\/pages"}],"about":[{"href":"https:\/\/www.mallanetstechtextile.com\/es\/wp-json\/wp\/v2\/types\/page"}],"author":[{"embeddable":true,"href":"https:\/\/www.mallanetstechtextile.com\/es\/wp-json\/wp\/v2\/users\/1"}],"replies":[{"embeddable":true,"href":"https:\/\/www.mallanetstechtextile.com\/es\/wp-json\/wp\/v2\/comments?post=58"}],"version-history":[{"count":19,"href":"https:\/\/www.mallanetstechtextile.com\/es\/wp-json\/wp\/v2\/pages\/58\/revisions"}],"predecessor-version":[{"id":1865,"href":"https:\/\/www.mallanetstechtextile.com\/es\/wp-json\/wp\/v2\/pages\/58\/revisions\/1865"}],"up":[{"embeddable":true,"href":"https:\/\/www.mallanetstechtextile.com\/es\/wp-json\/wp\/v2\/pages\/1370"}],"wp:attachment":[{"href":"https:\/\/www.mallanetstechtextile.com\/es\/wp-json\/wp\/v2\/media?parent=58"}],"curies":[{"name":"wp","href":"https:\/\/api.w.org\/{rel}","templated":true}]}}