{"id":60,"date":"2018-10-19T12:01:42","date_gmt":"2018-10-19T12:01:42","guid":{"rendered":"http:\/\/localhost\/MTT\/?page_id=60"},"modified":"2020-04-21T16:14:36","modified_gmt":"2020-04-21T16:14:36","slug":"incontinencia","status":"publish","type":"page","link":"https:\/\/www.mallanetstechtextile.com\/es\/healthcare\/paciente\/cirugia-del-suelo-pelvico-femenino\/incontinencia\/","title":{"rendered":"Incontinencia"},"content":{"rendered":"<div class=\"wpb-content-wrapper\"><p>[vc_row][vc_column][vc_single_image image=\u00bb1723&#8243; img_size=\u00bbfull\u00bb][\/vc_column][\/vc_row][vc_row][vc_column]<div id=\"ultimate-heading-598669f23ddcbee1c\" class=\"uvc-heading ult-adjust-bottom-margin ultimate-heading-598669f23ddcbee1c uvc-9776  uvc-heading-default-font-sizes\" data-hspacer=\"no_spacer\"  data-halign=\"left\" style=\"text-align:left\"><div class=\"uvc-heading-spacer no_spacer\" style=\"top\"><\/div><div class=\"uvc-main-heading ult-responsive\"  data-ultimate-target='.uvc-heading.ultimate-heading-598669f23ddcbee1c h3'  data-responsive-json-new='{\"font-size\":\"\",\"line-height\":\"\"}' ><h3 style=\"font-family:&#039;Roboto&#039;;--font-weight:theme;margin-bottom:15px;\">Incontinencia urinaria en las mujeres<\/h3><\/div><div class=\"uvc-sub-heading ult-responsive\"  data-ultimate-target='.uvc-heading.ultimate-heading-598669f23ddcbee1c .uvc-sub-heading '  data-responsive-json-new='{\"font-size\":\"\",\"line-height\":\"\"}'  style=\"font-family:&#039;Roboto&#039;;font-weight:300;\"><\/p>\n<p style=\"text-align: justify;\">La incontinencia urinaria es la emisi\u00f3n accidental de orina. Puede suceder cuando tose, se r\u00ede, estornuda o trota. O podr\u00eda tener una necesidad repentina de ir al ba\u00f1o, pero no puede llegar a tiempo. Los problemas de control de la vejiga son muy comunes, especialmente entre los adultos mayores. Por lo general, no causan problemas de salud graves, pero pueden causar verg\u00fcenza.<\/p>\n<p style=\"text-align: justify;\">La incontinencia puede ser un problema a corto plazo causado por una infecci\u00f3n urinaria, un medicamento o estre\u00f1imiento. Mejora cuando usted trata el problema que la est\u00e1 causando. Pero este tema se centra en la incontinencia urinaria continua.<br \/>\nExisten dos tipos principales de incontinencia urinaria. Algunas mujeres, especialmente las mujeres mayores, tienen los dos.<\/p>\n<ul>\n<li>La incontinencia por esfuerzo ocurre cuando usted estornuda, tose, se r\u00ede, trota o hace otras cosas que hacen presi\u00f3n sobre la vejiga. Este es el tipo de problema de control de la vejiga m\u00e1s com\u00fan en las mujeres.<\/li>\n<li>La incontinencia de urgencia sucede cuando tiene una fuerte necesidad de orinar, pero no puede llegar al ba\u00f1o a tiempo. Esto puede suceder incluso cuando la vejiga solo tiene una peque\u00f1a cantidad de orina. Es posible que algunas mujeres no sientan ninguna se\u00f1al de advertencia antes de tener una p\u00e9rdida de orina accidental. Otras mujeres podr\u00edan tener una p\u00e9rdida involuntaria de orina cuando beben agua o cuando escuchan o tocan agua que corre. La vejiga hiperactiva es un tipo de incontinencia de urgencia. Pero no todas las personas con vejiga hiperactiva tienen p\u00e9rdida de orina.<\/li>\n<\/ul>\n<p><\/div><\/div><div id=\"ultimate-heading-36269f23ddcbeec1\" class=\"uvc-heading ult-adjust-bottom-margin ultimate-heading-36269f23ddcbeec1 uvc-1883  uvc-heading-default-font-sizes\" data-hspacer=\"no_spacer\"  data-halign=\"left\" style=\"text-align:left\"><div class=\"uvc-heading-spacer no_spacer\" style=\"top\"><\/div><div class=\"uvc-main-heading ult-responsive\"  data-ultimate-target='.uvc-heading.ultimate-heading-36269f23ddcbeec1 h3'  data-responsive-json-new='{\"font-size\":\"\",\"line-height\":\"\"}' ><h3 style=\"font-family:&#039;Roboto&#039;;--font-weight:theme;margin-top:35px;margin-bottom:15px;\">\u00bfQu\u00e9 causa la incontinencia urinaria?<\/h3><\/div><div class=\"uvc-sub-heading ult-responsive\"  data-ultimate-target='.uvc-heading.ultimate-heading-36269f23ddcbeec1 .uvc-sub-heading '  data-responsive-json-new='{\"font-size\":\"\",\"line-height\":\"\"}'  style=\"font-family:&#039;Roboto&#039;;font-weight:300;\"><\/p>\n<p style=\"text-align: justify;\">Los problemas de control de la vejiga podr\u00edan ser causados por:<\/p>\n<ul>\n<li>Debilidad de los m\u00fasculos en la parte baja de las v\u00edas urinarias.<\/li>\n<li>Problemas o da\u00f1o en las v\u00edas urinarias o en los nervios que controlan la micci\u00f3n.<\/li>\n<\/ul>\n<p style=\"text-align: justify;\">La incontinencia de esfuerzo puede ser causada por el parto, aumento de peso u otras afecciones que estiran los m\u00fasculos del piso p\u00e9lvico. Cuando estos m\u00fasculos no pueden sostener la vejiga en forma adecuada, la vejiga desciende y ejerce presi\u00f3n sobre la vagina. Usted no puede contraer los m\u00fasculos que cierran la uretra. Entonces, podr\u00eda producirse una p\u00e9rdida involuntaria de orina por la presi\u00f3n adicional sobre la vejiga cuando tose, estornuda, se r\u00ede, hace ejercicio u otras actividades.<\/p>\n<p style=\"text-align: justify;\">La incontinencia de urgencia es causada por un m\u00fasculo hiperactivo de la vejiga que empuja la orina hacia fuera de la vejiga. Puede ser debido a irritaci\u00f3n de la vejiga, estr\u00e9s emocional o afecciones cerebrales, como la enfermedad de Parkinson o un ataque cerebral. Muchas veces, los m\u00e9dicos no saben cu\u00e1l es la causa.<\/p>\n<p><\/div><\/div><div id=\"ultimate-heading-556069f23ddcbef31\" class=\"uvc-heading ult-adjust-bottom-margin ultimate-heading-556069f23ddcbef31 uvc-9253  uvc-heading-default-font-sizes\" data-hspacer=\"no_spacer\"  data-halign=\"left\" style=\"text-align:left\"><div class=\"uvc-heading-spacer no_spacer\" style=\"top\"><\/div><div class=\"uvc-main-heading ult-responsive\"  data-ultimate-target='.uvc-heading.ultimate-heading-556069f23ddcbef31 h3'  data-responsive-json-new='{\"font-size\":\"\",\"line-height\":\"\"}' ><h3 style=\"font-family:&#039;Roboto&#039;;--font-weight:theme;margin-top:35px;margin-bottom:15px;\">\u00bfCu\u00e1les son los s\u00edntomas?<\/h3><\/div><div class=\"uvc-sub-heading ult-responsive\"  data-ultimate-target='.uvc-heading.ultimate-heading-556069f23ddcbef31 .uvc-sub-heading '  data-responsive-json-new='{\"font-size\":\"\",\"line-height\":\"\"}'  style=\"font-family:&#039;Roboto&#039;;font-weight:300;\"><\/p>\n<p style=\"text-align: justify;\">El s\u00edntoma principal de la incontinencia urinaria es la evacuaci\u00f3n accidental de orina.<\/p>\n<ul>\n<li>Si tiene incontinencia de esfuerzo, es posible que pierda una cantidad peque\u00f1a a mediana de orina cuando tose, estornuda, se r\u00ede, hace ejercicio o cosas similares.<\/li>\n<li>Si tiene incontinencia de urgencia, es posible que sienta una necesidad urgente y repentina de orinar y la necesidad de orinar con frecuencia. Con este tipo de problema de control de la vejiga, es posible que pierda una cantidad mayor de orina que puede humedecer su ropa o correrle por las piernas.<\/li>\n<li>Si tiene incontinencia mixta, podr\u00eda tener s\u00edntomas de ambos problemas.<\/li>\n<\/ul>\n<p><\/div><\/div><div id=\"ultimate-heading-451969f23ddcbef98\" class=\"uvc-heading ult-adjust-bottom-margin ultimate-heading-451969f23ddcbef98 uvc-8331  uvc-heading-default-font-sizes\" data-hspacer=\"no_spacer\"  data-halign=\"left\" style=\"text-align:left\"><div class=\"uvc-heading-spacer no_spacer\" style=\"top\"><\/div><div class=\"uvc-main-heading ult-responsive\"  data-ultimate-target='.uvc-heading.ultimate-heading-451969f23ddcbef98 h3'  data-responsive-json-new='{\"font-size\":\"\",\"line-height\":\"\"}' ><h3 style=\"font-family:&#039;Roboto&#039;;--font-weight:theme;margin-top:35px;margin-bottom:15px;\">\u00bfC\u00f3mo se diagnostica la incontinencia urinaria?<\/h3><\/div><div class=\"uvc-sub-heading ult-responsive\"  data-ultimate-target='.uvc-heading.ultimate-heading-451969f23ddcbef98 .uvc-sub-heading '  data-responsive-json-new='{\"font-size\":\"\",\"line-height\":\"\"}'  style=\"font-family:&#039;Roboto&#039;;font-weight:300;\"><\/p>\n<p style=\"text-align: justify;\">Su m\u00e9dico le preguntar\u00e1 qu\u00e9 y cu\u00e1nto bebe. Tambi\u00e9n le preguntar\u00e1 acerca de la frecuencia y la cantidad de orina y de p\u00e9rdidas involuntarias. Podr\u00eda ayudarla llevar un registro de estos factores usando un diario de la vejiga durante 3 o 4 d\u00edas antes de consultar a su m\u00e9dico.<br \/>\nSu m\u00e9dico la examinar\u00e1 y podr\u00eda realizar algunas pruebas simples para buscar la causa del problema de control de la vejiga. Si su m\u00e9dico cree que podr\u00eda ser causado por m\u00e1s de un problema, es probable que le haga m\u00e1s pruebas.<\/p>\n<p><\/div><\/div><div id=\"ultimate-heading-133169f23ddcbeffc\" class=\"uvc-heading ult-adjust-bottom-margin ultimate-heading-133169f23ddcbeffc uvc-4686  uvc-heading-default-font-sizes\" data-hspacer=\"no_spacer\"  data-halign=\"left\" style=\"text-align:left\"><div class=\"uvc-heading-spacer no_spacer\" style=\"top\"><\/div><div class=\"uvc-main-heading ult-responsive\"  data-ultimate-target='.uvc-heading.ultimate-heading-133169f23ddcbeffc h3'  data-responsive-json-new='{\"font-size\":\"\",\"line-height\":\"\"}' ><h3 style=\"font-family:&#039;Roboto&#039;;--font-weight:theme;margin-top:35px;margin-bottom:15px;\">\u00bfC\u00f3mo se trata?<\/h3><\/div><div class=\"uvc-sub-heading ult-responsive\"  data-ultimate-target='.uvc-heading.ultimate-heading-133169f23ddcbeffc .uvc-sub-heading '  data-responsive-json-new='{\"font-size\":\"\",\"line-height\":\"\"}'  style=\"font-family:&#039;Roboto&#039;;font-weight:300;\"><\/p>\n<p style=\"text-align: justify;\">Los tratamientos son diferentes para cada persona. Dependen del tipo de incontinencia que usted tenga y cu\u00e1nto afecta su vida. Una vez que su m\u00e9dico sepa la causa de la incontinencia, su tratamiento puede incluir ejercicios, entrenamiento de la vejiga, medicamentos, un pesario o una combinaci\u00f3n de estos. Algunas mujeres podr\u00edan necesitar cirug\u00eda. <a class=\"_ps2id\" style=\"text-decoration: none;\" href=\"#image\" data-ps2id-offset=\"\">\u00abClic aqui\u00bb<\/a><\/p>\n<p style=\"text-align: justify;\">Tambi\u00e9n hay algunas medidas que puede tomar en el hogar. En muchos casos, estos cambios en el estilo de vida pueden ser suficientes para controlar la incontinencia.<\/p>\n<ul>\n<li>Reduzca el consumo de bebidas con cafe\u00edna, como caf\u00e9 y t\u00e9. Tambi\u00e9n reduzca el consumo de bebidas efervescentes como las gaseosas. Y no beba m\u00e1s de una bebida alcoh\u00f3lica al d\u00eda.<\/li>\n<li>Coma alimentos altos en fibra para ayudar a evitar el estre\u00f1imiento.<\/li>\n<li>No fume. Si necesita ayuda para dejar de usar tabaco, hable con su m\u00e9dico sobre programas y medicamentos para dejar de fumar. Estos pueden aumentar sus probabilidades de dejar el h\u00e1bito para siempre.<\/li>\n<li>Mantenga un peso saludable.<\/li>\n<li>Intente ejercicios sencillos para el piso p\u00e9lvico, como ejercicios de Kegel.<\/li>\n<li>Vaya al ba\u00f1o varias veces al d\u00eda en horarios establecidos y use ropa que se pueda quitar f\u00e1cilmente. Mantenga el camino hacia el ba\u00f1o lo m\u00e1s despejado y corto que pueda.<\/li>\n<li>Lleve un registro de sus s\u00edntomas y de sus evacuaciones accidentales de orina con un diario de la vejiga. Esto puede ayudarlos a usted y su m\u00e9dico a encontrar el mejor tratamiento para usted.<\/li>\n<li>Si tiene s\u00edntomas de incontinencia urinaria, no sienta verg\u00fcenza de dec\u00edrselo a su m\u00e9dico. La mayor\u00eda de las personas con incontinencia pueden recibir ayuda o curarse.<\/li>\n<\/ul>\n<p><\/div><\/div><div id=\"ultimate-heading-150469f23ddcbf077\" class=\"uvc-heading ult-adjust-bottom-margin ultimate-heading-150469f23ddcbf077 uvc-5505  uvc-heading-default-font-sizes\" data-hspacer=\"no_spacer\"  data-halign=\"left\" style=\"text-align:left\"><div class=\"uvc-heading-spacer no_spacer\" style=\"top\"><\/div><div class=\"uvc-main-heading ult-responsive\"  data-ultimate-target='.uvc-heading.ultimate-heading-150469f23ddcbf077 h3'  data-responsive-json-new='{\"font-size\":\"\",\"line-height\":\"\"}' ><h3 style=\"font-family:&#039;Roboto&#039;;--font-weight:theme;margin-top:35px;margin-bottom:15px;\">\u00bfC\u00f3mo puede prevenir la incontinencia urinaria?<\/h3><\/div><div class=\"uvc-sub-heading ult-responsive\"  data-ultimate-target='.uvc-heading.ultimate-heading-150469f23ddcbf077 .uvc-sub-heading '  data-responsive-json-new='{\"font-size\":\"\",\"line-height\":\"\"}'  style=\"font-family:&#039;Roboto&#039;;font-weight:300;\"><\/p>\n<p style=\"text-align: justify;\">Fortalecer los m\u00fasculos p\u00e9lvicos con ejercicios de Kegel podr\u00eda reducir el riesgo de incontinencia.<br \/>\nSi fuma, trate de dejar de hacerlo. Dejar de fumar podr\u00eda hacer que tosa menos, lo que podr\u00eda ayudar con la incontinencia.<\/p>\n<p style=\"text-align: justify;\">Esta informaci\u00f3n no reemplaza el consejo de un m\u00e9dico. Healthwise, Incorporated, niega toda garant\u00eda y responsabilidad por el uso de esta informaci\u00f3n. El uso que usted haga de esta informaci\u00f3n implica que usted acepta los T\u00e9rminos de Uso. Aprenda c\u00f3mo desarrollamos nuestro contenido.<\/p>\n<p><\/div><\/div><div id=\"ultimate-heading-681169f23ddcbf0db\" class=\"uvc-heading ult-adjust-bottom-margin ultimate-heading-681169f23ddcbf0db uvc-8267  uvc-heading-default-font-sizes\" data-hspacer=\"no_spacer\"  data-halign=\"left\" style=\"text-align:left\"><div class=\"uvc-heading-spacer no_spacer\" style=\"top\"><\/div><div class=\"uvc-main-heading ult-responsive\"  data-ultimate-target='.uvc-heading.ultimate-heading-681169f23ddcbf0db h3'  data-responsive-json-new='{\"font-size\":\"\",\"line-height\":\"\"}' ><h3 style=\"font-family:&#039;Roboto&#039;;--font-weight:theme;margin-top:35px;margin-bottom:15px;\">T\u00e9cnicas quir\u00fargicas TVT y TOT para la correcci\u00f3n de la incontinencia urinaria de esfuerzo:<\/h3><\/div><div class=\"uvc-sub-heading ult-responsive\"  data-ultimate-target='.uvc-heading.ultimate-heading-681169f23ddcbf0db .uvc-sub-heading '  data-responsive-json-new='{\"font-size\":\"\",\"line-height\":\"\"}'  style=\"font-family:&#039;Roboto&#039;;font-weight:300;\"><\/p>\n<p style=\"text-align: justify;\">Los procedimientos de banda vaginal libre de tensi\u00f3n (TVT, por sus siglas en ingl\u00e9s) y cinta transobturadora (TOT, por sus siglas en ingl\u00e9s) est\u00e1n dise\u00f1ados para levantar la vejiga o la uretra hacia la posici\u00f3n normal. Durante la cirug\u00eda, una banda estrecha de malla sint\u00e9tica se coloca debajo de la uretra. La banda da soporte a la uretra y a la vejiga como una hamaca.<\/p>\n<p><\/div><\/div><div id=\"ultimate-heading-136769f23ddcbf13c\" class=\"uvc-heading ult-adjust-bottom-margin ultimate-heading-136769f23ddcbf13c uvc-8939  uvc-heading-default-font-sizes\" data-hspacer=\"no_spacer\"  data-halign=\"left\" style=\"text-align:left\"><div class=\"uvc-heading-spacer no_spacer\" style=\"top\"><\/div><div class=\"uvc-main-heading ult-responsive\"  data-ultimate-target='.uvc-heading.ultimate-heading-136769f23ddcbf13c h3'  data-responsive-json-new='{\"font-size\":\"\",\"line-height\":\"\"}' ><h3 style=\"font-family:&#039;Roboto&#039;;--font-weight:theme;margin-top:35px;margin-bottom:15px;\">\u00bfPor qu\u00e9 necesito este procedimiento de TVT o TOT?<\/h3><\/div><div class=\"uvc-sub-heading ult-responsive\"  data-ultimate-target='.uvc-heading.ultimate-heading-136769f23ddcbf13c .uvc-sub-heading '  data-responsive-json-new='{\"font-size\":\"\",\"line-height\":\"\"}'  style=\"font-family:&#039;Roboto&#039;;font-weight:300;\"><\/p>\n<p style=\"text-align: justify;\">Su m\u00e9dico puede recomendar un procedimiento de TVT o TOT para tratar la incontinencia urinaria de esfuerzo. La incontinencia urinaria de esfuerzo es cuando la presi\u00f3n por una actividad como toser, estornudar, re\u00edrse, correr o levantar peso hace que usted pierda orina. La p\u00e9rdida se detiene cuando la actividad se detiene.<br \/>\nLa incontinencia urinaria de esfuerzo es bastante com\u00fan entre las mujeres. Es producida por una debilidad en los m\u00fasculos y tejidos que rodean la vejiga y la uretra. La debilidad evita que la uretra se cierre, de modo que la orina se escapa. El soporte TVT o TOT con frecuencia puede aliviar o corregir este problema.<\/p>\n<p><\/div><\/div><div id=\"ultimate-heading-271769f23ddcbf19a\" class=\"uvc-heading ult-adjust-bottom-margin ultimate-heading-271769f23ddcbf19a uvc-4437  uvc-heading-default-font-sizes\" data-hspacer=\"no_spacer\"  data-halign=\"left\" style=\"text-align:left\"><div class=\"uvc-heading-spacer no_spacer\" style=\"top\"><\/div><div class=\"uvc-main-heading ult-responsive\"  data-ultimate-target='.uvc-heading.ultimate-heading-271769f23ddcbf19a h3'  data-responsive-json-new='{\"font-size\":\"\",\"line-height\":\"\"}' ><h3 style=\"font-family:&#039;Roboto&#039;;--font-weight:theme;margin-top:35px;margin-bottom:15px;\">\u00bfC\u00f3mo se hace el procedimiento de TVT o TOT?<\/h3><\/div><div class=\"uvc-sub-heading ult-responsive\"  data-ultimate-target='.uvc-heading.ultimate-heading-271769f23ddcbf19a .uvc-sub-heading '  data-responsive-json-new='{\"font-size\":\"\",\"line-height\":\"\"}'  style=\"font-family:&#039;Roboto&#039;;font-weight:300;\"><\/p>\n<p style=\"text-align: justify;\">La diferencia clave entre un procedimiento de TVT y uno de TOT es la forma en que el cirujano llega a la uretra para colocar la cinta.<\/p>\n<p><\/div><\/div>[\/vc_column][\/vc_row][vc_row el_id=\u00bbimage\u00bb css=\u00bb.vc_custom_1551430480977{padding-top: 35px !important;}\u00bb][vc_column width=\u00bb1\/2&#8243;]<div id=\"ultimate-heading-658169f23ddcbf1f9\" class=\"uvc-heading ult-adjust-bottom-margin ultimate-heading-658169f23ddcbf1f9 uvc-179  uvc-heading-default-font-sizes\" data-hspacer=\"no_spacer\"  data-halign=\"left\" style=\"text-align:left\"><div class=\"uvc-heading-spacer no_spacer\" style=\"top\"><\/div><div class=\"uvc-main-heading ult-responsive\"  data-ultimate-target='.uvc-heading.ultimate-heading-658169f23ddcbf1f9 h3'  data-responsive-json-new='{\"font-size\":\"\",\"line-height\":\"\"}' ><h3 style=\"font-family:&#039;Roboto&#039;;--font-weight:theme;margin-bottom:15px;\">TVT<\/h3><\/div><div class=\"uvc-sub-heading ult-responsive\"  data-ultimate-target='.uvc-heading.ultimate-heading-658169f23ddcbf1f9 .uvc-sub-heading '  data-responsive-json-new='{\"font-size\":\"\",\"line-height\":\"\"}'  style=\"font-family:&#039;Roboto&#039;;font-weight:300;margin-bottom:15px;\"><\/p>\n<p style=\"text-align: justify;\">La banda se coloca a trav\u00e9s del espacio detr\u00e1s del hueso p\u00fabico:<\/p>\n<p><\/div><\/div>[vc_single_image image=\u00bb1105&#8243; img_size=\u00bbfull\u00bb alignment=\u00bbcenter\u00bb style=\u00bbvc_box_outline\u00bb][\/vc_column][vc_column width=\u00bb1\/2&#8243;]<div id=\"ultimate-heading-797769f23ddcbf256\" class=\"uvc-heading ult-adjust-bottom-margin ultimate-heading-797769f23ddcbf256 uvc-636  uvc-heading-default-font-sizes\" data-hspacer=\"no_spacer\"  data-halign=\"left\" style=\"text-align:left\"><div class=\"uvc-heading-spacer no_spacer\" style=\"top\"><\/div><div class=\"uvc-main-heading ult-responsive\"  data-ultimate-target='.uvc-heading.ultimate-heading-797769f23ddcbf256 h3'  data-responsive-json-new='{\"font-size\":\"\",\"line-height\":\"\"}' ><h3 style=\"font-family:&#039;Roboto&#039;;--font-weight:theme;margin-bottom:15px;\">TOT<\/h3><\/div><div class=\"uvc-sub-heading ult-responsive\"  data-ultimate-target='.uvc-heading.ultimate-heading-797769f23ddcbf256 .uvc-sub-heading '  data-responsive-json-new='{\"font-size\":\"\",\"line-height\":\"\"}'  style=\"font-family:&#039;Roboto&#039;;font-weight:300;margin-bottom:15px;\"><\/p>\n<p style=\"text-align: justify;\">La banda se coloca desde los lados de la ingle:<\/p>\n<p><\/div><\/div>[vc_single_image image=\u00bb1102&#8243; img_size=\u00bbfull\u00bb alignment=\u00bbcenter\u00bb style=\u00bbvc_box_outline\u00bb][\/vc_column][\/vc_row]<\/p>\n<\/div>","protected":false},"excerpt":{"rendered":"<p>[vc_row][vc_column][vc_single_image image=\u00bb1723&#8243; img_size=\u00bbfull\u00bb][\/vc_column][\/vc_row][vc_row][vc_column][\/vc_column][\/vc_row][vc_row el_id=\u00bbimage\u00bb css=\u00bb.vc_custom_1551430480977{padding-top: 35px !important;}\u00bb][vc_column width=\u00bb1\/2&#8243;][vc_single_image image=\u00bb1105&#8243; img_size=\u00bbfull\u00bb alignment=\u00bbcenter\u00bb style=\u00bbvc_box_outline\u00bb][\/vc_column][vc_column width=\u00bb1\/2&#8243;][vc_single_image image=\u00bb1102&#8243; img_size=\u00bbfull\u00bb alignment=\u00bbcenter\u00bb style=\u00bbvc_box_outline\u00bb][\/vc_column][\/vc_row]<\/p>\n","protected":false},"author":1,"featured_media":0,"parent":1368,"menu_order":0,"comment_status":"closed","ping_status":"closed","template":"","meta":{"footnotes":""},"class_list":["post-60","page","type-page","status-publish","hentry","description-off"],"_links":{"self":[{"href":"https:\/\/www.mallanetstechtextile.com\/es\/wp-json\/wp\/v2\/pages\/60","targetHints":{"allow":["GET"]}}],"collection":[{"href":"https:\/\/www.mallanetstechtextile.com\/es\/wp-json\/wp\/v2\/pages"}],"about":[{"href":"https:\/\/www.mallanetstechtextile.com\/es\/wp-json\/wp\/v2\/types\/page"}],"author":[{"embeddable":true,"href":"https:\/\/www.mallanetstechtextile.com\/es\/wp-json\/wp\/v2\/users\/1"}],"replies":[{"embeddable":true,"href":"https:\/\/www.mallanetstechtextile.com\/es\/wp-json\/wp\/v2\/comments?post=60"}],"version-history":[{"count":21,"href":"https:\/\/www.mallanetstechtextile.com\/es\/wp-json\/wp\/v2\/pages\/60\/revisions"}],"predecessor-version":[{"id":1975,"href":"https:\/\/www.mallanetstechtextile.com\/es\/wp-json\/wp\/v2\/pages\/60\/revisions\/1975"}],"up":[{"embeddable":true,"href":"https:\/\/www.mallanetstechtextile.com\/es\/wp-json\/wp\/v2\/pages\/1368"}],"wp:attachment":[{"href":"https:\/\/www.mallanetstechtextile.com\/es\/wp-json\/wp\/v2\/media?parent=60"}],"curies":[{"name":"wp","href":"https:\/\/api.w.org\/{rel}","templated":true}]}}